{"id":1193,"date":"2020-11-10T13:31:16","date_gmt":"2020-11-10T13:31:16","guid":{"rendered":"https:\/\/www.windkraft3.pl\/?page_id=1193"},"modified":"2024-09-16T08:51:10","modified_gmt":"2024-09-16T08:51:10","slug":"polityka-prywatnosci","status":"publish","type":"page","link":"https:\/\/www.windkraft3.pl\/de\/polityka-prywatnosci\/","title":{"rendered":"Datenschutzrichtlinie"},"content":{"rendered":"<p>[et_pb_section fb_built=&#8221;1&#8243; _builder_version=&#8221;4.16&#8243; background_color=&#8221;#f7f7f7&#8243; global_colors_info=&#8221;{}&#8221;][et_pb_row module_class=&#8221;tytul&#8221; _builder_version=&#8221;4.16&#8243; background_enable_color=&#8221;off&#8221; global_colors_info=&#8221;{}&#8221;][et_pb_column type=&#8221;4_4&#8243; _builder_version=&#8221;4.16&#8243; global_colors_info=&#8221;{}&#8221;][et_pb_text module_class=&#8221;breadcrumb&#8221; _builder_version=&#8221;4.16&#8243; custom_margin=&#8221;||5px||false|false&#8221; global_colors_info=&#8221;{}&#8221;]<\/p>\n<h3><span><span><a href=\"https:\/\/www.windkraft3.pl\/\">Strona g\u0142\u00f3wna<\/a><\/span><\/span><\/h3>\n<p>[\/et_pb_text][et_pb_text _builder_version=&#8221;4.16&#8243; _dynamic_attributes=&#8221;content&#8221; custom_margin=&#8221;||0px||false|false&#8221; global_colors_info=&#8221;{}&#8221;]@ET-DC@eyJkeW5hbWljIjp0cnVlLCJjb250ZW50IjoicG9zdF90aXRsZSIsInNldHRpbmdzIjp7ImJlZm9yZSI6IjxoMT4iLCJhZnRlciI6IjwvaDE+In19@[\/et_pb_text][\/et_pb_column][\/et_pb_row][\/et_pb_section][et_pb_section fb_built=&#8221;1&#8243; custom_padding_last_edited=&#8221;on|phone&#8221; _builder_version=&#8221;4.16&#8243; custom_padding=&#8221;100px||0px||false|false&#8221; custom_padding_tablet=&#8221;50px||||false|false&#8221; custom_padding_phone=&#8221;20px||||false|false&#8221; global_colors_info=&#8221;{}&#8221;][et_pb_row _builder_version=&#8221;4.16&#8243; global_colors_info=&#8221;{}&#8221;][et_pb_column type=&#8221;4_4&#8243; _builder_version=&#8221;4.16&#8243; global_colors_info=&#8221;{}&#8221;][et_pb_text _builder_version=&#8221;4.27.0&#8243; hover_enabled=&#8221;0&#8243; global_colors_info=&#8221;{}&#8221; sticky_enabled=&#8221;0&#8243;]<\/p>\n<p>Zgodnie z art. 13 ust. 1 Rozporz\u0105dzenia Parlamentu Europejskiego i Rady (UE) 2016\/679 z dnia 27 kwietnia 2016 roku w sprawie ochrony os\u00f3b fizycznych w zwi\u0105zku z przetwarzaniem danych osobowych i w sprawie swobodnego przep\u0142ywu takich danych oraz uchylenia dyrektywy 95\/46\/WE (zwane dalej: RODO) informujemy, i\u017c Administratorem Pa\u0144stwa danych osobowych jest <span>Windkraft 3 sp. z\u00a0o.o<\/span> z siedzib\u0105 w Pozna\u0144\u00a0(<span>61-806<\/span>), <span>ul. \u015awi\u0119ty Marcin 29\/8<\/span>, zwany dalej \u201eAdministratorem\u201d. Administrator dok\u0142ada wszelkich stara\u0144 by chroni\u0107 dane osobowe U\u017cytkownik\u00f3w przed nieuprawnionym dost\u0119pem os\u00f3b trzecich i szanowa\u0107 prywatno\u015b\u0107 ka\u017cdego U\u017cytkownika. Dane osobowe U\u017cytkownik\u00f3w s\u0105 przetwarzane z zachowaniem wymog\u00f3w Rozporz\u0105dzenia Parlamentu Europejskiego i Rady (UE) 2016\/679 z dnia 27 kwietnia 2016 r. w sprawie ochrony os\u00f3b fizycznych w zwi\u0105zku z przetwarzaniem danych osobowych i w sprawie swobodnego przep\u0142ywu takich danych oraz uchylenia dyrektywy 95\/46\/WE (dalej: RODO).<\/p>\n<p><strong>\u00a7 1<\/strong><br \/><strong>Zgoda na\u00a0przetwarzanie danych, zmiana i\u00a0usuni\u0119cie danych<\/strong><\/p>\n<p>1. Podanie danych osobowych przez\u00a0U\u017cytkownika jest zawsze dobrowolne, jednak\u017ce niepodanie danych oznaczonych jako niezb\u0119dne, uniemo\u017cliwia skorzystania z\u00a0us\u0142ug \u015bwiadczonych za\u00a0po\u015brednictwem strony internetowej Administratora.<\/p>\n<p>2. U\u017cytkownikom strony internetowej przys\u0142uguj\u0105 nast\u0119puj\u0105ce prawa:<\/p>\n<p>a) Prawo do\u00a0cofni\u0119cia zgody \u2013 podstawa prawna art. 7 RODO<br \/>Osoba, kt\u00f3rej\u00a0dane dotycz\u0105, ma\u00a0prawo w\u00a0dowolnym momencie wycofa\u0107 zgod\u0119. Wycofanie zgody nie\u00a0wp\u0142ywa na\u00a0zgodno\u015b\u0107 z\u00a0prawem przetwarzania, kt\u00f3rego\u00a0dokonano na\u00a0podstawie zgody przed\u00a0jej wycofaniem. Osoba, kt\u00f3rej\u00a0dane dotycz\u0105, jest o\u00a0tym informowana, zanim wyrazi zgod\u0119. Wycofanie zgody musi by\u0107 r\u00f3wnie \u0142atwe jak jej wyra\u017cenie.<\/p>\n<p>b) Prawo dost\u0119pu do\u00a0danych \u2013 podstawa prawna art. 15 RODO<br \/>Osoba, kt\u00f3rej\u00a0dane dotycz\u0105, jest uprawniona do\u00a0uzyskania od\u00a0Administratora potwierdzenia, czy\u00a0przetwarzane s\u0105\u00a0dane osobowe jej dotycz\u0105ce, a\u00a0je\u017celi ma\u00a0to\u00a0miejsce, jest uprawniona do\u00a0uzyskania dost\u0119pu do\u00a0nich oraz\u00a0do\u00a0informacji, takich jak cele przetwarzania, kategorie odno\u015bnych danych osobowych czy\u00a0informacje o\u00a0odbiorcach lub kategoriach odbiorc\u00f3w.<\/p>\n<p>c) Prawo do\u00a0poprawiania danych \u2013 podstawa prawna art. 16 RODO<br \/>Osoba, kt\u00f3rej\u00a0dane dotycz\u0105, ma\u00a0prawo \u017c\u0105dania od\u00a0Administratora niezw\u0142ocznego sprostowania dotycz\u0105cych jej danych osobowych, kt\u00f3re s\u0105\u00a0nieprawid\u0142owe. Z\u00a0uwzgl\u0119dnieniem cel\u00f3w przetwarzania, osoba, kt\u00f3rej\u00a0dane dotycz\u0105, ma\u00a0prawo \u017c\u0105dania uzupe\u0142nienia niekompletnych danych osobowych, w\u00a0tym poprzez przedstawienie dodatkowego o\u015bwiadczenia.<\/p>\n<p>d) Prawo do\u00a0bycia zapomnianym (usuni\u0119cie danych) \u2013 podstawa prawna art. 17 RODO<br \/>Osoba, kt\u00f3rej\u00a0dane dotycz\u0105, ma\u00a0prawo \u017c\u0105dania od\u00a0Administratora niezw\u0142ocznego usuni\u0119cia dotycz\u0105cych jej danych osobowych, a\u00a0Administrator ma\u00a0obowi\u0105zek bez\u00a0zb\u0119dnej zw\u0142oki usun\u0105\u0107 dane osobowe, je\u017celi zachodzi jedna z\u00a0nast\u0119puj\u0105cych okoliczno\u015bci:<\/p>\n<p>dane osobowe nie\u00a0s\u0105\u00a0ju\u017c niezb\u0119dne do\u00a0cel\u00f3w, w\u00a0kt\u00f3rych\u00a0zosta\u0142y zebrane lub w\u00a0inny spos\u00f3b przetwarzane;<br \/>osoba, kt\u00f3rej\u00a0dane dotycz\u0105, cofn\u0119\u0142a zgod\u0119, na\u00a0kt\u00f3rej\u00a0opiera si\u0119 przetwarzanie i\u00a0nie\u00a0ma\u00a0innej podstawy prawnej przetwarzania;<br \/>osoba, kt\u00f3rej\u00a0dane dotycz\u0105, wnosi sprzeciw wobec przetwarzania i\u00a0nie\u00a0wyst\u0119puj\u0105 nadrz\u0119dne prawnie uzasadnione podstawy przetwarzania;<br \/>dane osobowe by\u0142y przetwarzane niezgodnie z\u00a0prawem;<br \/>dane osobowe musz\u0105 zosta\u0107 usuni\u0119te w\u00a0celu wywi\u0105zania si\u0119 z\u00a0obowi\u0105zku prawnego przewidzianego w\u00a0prawie Unii lub prawie pa\u0144stwa cz\u0142onkowskiego, kt\u00f3remu\u00a0podlega Administrator;<br \/>dane osobowe zosta\u0142y zebrane w\u00a0zwi\u0105zku z\u00a0oferowaniem us\u0142ug spo\u0142ecze\u0144stwa informacyjnego, o\u00a0kt\u00f3rych\u00a0mowa w\u00a0art. 8 ust. 1 RODO.<br \/>e) Prawo do\u00a0ograniczenia przetwarzania \u2013 podstawa prawna art. 18 RODO<br \/>Osoba, kt\u00f3rej\u00a0dane dotycz\u0105, ma\u00a0prawo \u017c\u0105dania od\u00a0Administratora ograniczenia przetwarzania w\u00a0nast\u0119puj\u0105cych przypadkach:<\/p>\n<p>osoba, kt\u00f3rej\u00a0dane dotycz\u0105, kwestionuje prawid\u0142owo\u015b\u0107 danych osobowych \u2013 na\u00a0okres pozwalaj\u0105cy Administratorowi sprawdzi\u0107 prawid\u0142owo\u015b\u0107 tych danych;<br \/>przetwarzanie jest niezgodne z\u00a0prawem, a\u00a0osoba, kt\u00f3rej\u00a0dane dotycz\u0105, sprzeciwia si\u0119 usuni\u0119ciu danych osobowych, \u017c\u0105daj\u0105c w\u00a0zamian ograniczenia ich wykorzystywania;<br \/>Administrator nie\u00a0potrzebuje ju\u017c danych osobowych do\u00a0cel\u00f3w przetwarzania, ale\u00a0s\u0105\u00a0one potrzebne osobie, kt\u00f3rej\u00a0dane dotycz\u0105, do\u00a0ustalenia, dochodzenia lub obrony roszcze\u0144;<br \/>osoba, kt\u00f3rej\u00a0dane dotycz\u0105, wnios\u0142a sprzeciw wobec przetwarzania \u2013 do\u00a0czasu stwierdzenia, czy\u00a0prawnie uzasadnione podstawy po\u00a0stronie administratora s\u0105\u00a0nadrz\u0119dne wobec podstaw sprzeciwu osoby, kt\u00f3rej\u00a0dane dotycz\u0105.<br \/>f) Prawo do\u00a0przeniesienia danych \u2013 podstawa prawna art. 20 RODO<br \/>Osoba, kt\u00f3rej\u00a0dane dotycz\u0105, ma\u00a0prawo otrzyma\u0107 w\u00a0ustrukturyzowanym, powszechnie u\u017cywanym formacie nadaj\u0105cym si\u0119 do\u00a0odczytu maszynowego dane osobowe jej dotycz\u0105ce, kt\u00f3re dostarczy\u0142a Administratorowi, oraz\u00a0ma\u00a0prawo przes\u0142a\u0107 te\u00a0dane osobowe innemu Administratorowi bez\u00a0przeszk\u00f3d ze\u00a0strony Administratora, kt\u00f3remu\u00a0dostarczono te\u00a0dane osobowe, je\u017celi:<\/p>\n<p>przetwarzanie odbywa si\u0119 na\u00a0podstawie zgody w\u00a0my\u015bl art. 6 ust. 1 lit. a) lub art. 9 ust. 2 lit. a) lub na\u00a0podstawie umowy w\u00a0my\u015bl art. 6 ust. 1 lit. b); oraz<br \/>przetwarzanie odbywa si\u0119 w\u00a0spos\u00f3b zautomatyzowany.<br \/>g) Prawo do\u00a0sprzeciwu wobec przetwarzania danych \u2013 podstawa prawa art. 21 RODO<br \/>Osoba, kt\u00f3rej\u00a0dane dotycz\u0105, ma\u00a0prawo w\u00a0dowolnym momencie wnie\u015b\u0107 sprzeciw \u2013 z\u00a0przyczyn zwi\u0105zanych z\u00a0jej szczeg\u00f3ln\u0105 sytuacj\u0105 \u2013 wobec przetwarzania dotycz\u0105cych jej danych osobowych opartego na\u00a0art. 6 ust. 1 lit. e) lub f), w\u00a0tym profilowania na\u00a0podstawie tych przepis\u00f3w. Administratorowi nie\u00a0wolno ju\u017c przetwarza\u0107 tych danych osobowych, chyba \u017ce\u00a0wyka\u017ce on\u00a0istnienie wa\u017cnych prawnie uzasadnionych podstaw do\u00a0przetwarzania, nadrz\u0119dnych wobec interes\u00f3w, praw i\u00a0wolno\u015bci osoby, kt\u00f3rej\u00a0dane dotycz\u0105, lub podstaw do\u00a0ustalenia, dochodzenia lub obrony roszcze\u0144.<\/p>\n<p>3.U\u017cytkownik, celem realizacji praw okre\u015blonych w ust. 2 powy\u017cej, powinien skontaktowa\u0107 si\u0119 z Administratorem na adres e-mail: windkraft3@windkraft3.pl lub powiadomi\u0107 Administratora telefonicznie pod numerem: +48 604 645 937<\/p>\n<p><strong>\u00a7 2<\/strong><br \/><strong> Zakres i\u00a0spos\u00f3b przetwarzania danych<\/strong><\/p>\n<p>1. Przetwarzanie danych osobowych odbywa si\u0119 na\u00a0zasadach okre\u015blonych w\u00a0RODO.<\/p>\n<p>2. Dane osobowe przetwarzane s\u0105 na podstawie zgody wyra\u017conej przez U\u017cytkownika strony internetowej www.windkraft3.pl, a ich przetwarzanie nast\u0119puje:<\/p>\n<p>odpowiadania na\u00a0zapytania ofertowe, przedstawiania oferty zgodnie z\u00a0Pa\u0144stwa potrzebami i\u00a0zapytaniami,<br \/>\u015bwiadczenia dla Pa\u0144stwa oferowanych przez\u00a0nas us\u0142ug, w\u00a0tym w\u00a0szczeg\u00f3lno\u015bci rezerwacji wizyty,<br \/>w\u00a0celu spe\u0142nienia wymog\u00f3w wynikaj\u0105cych z\u00a0przepis\u00f3w prawa,<br \/>w\u00a0celu dostosowania strony internetowej Administratora do\u00a0potrzeb U\u017cytkownik\u00f3w,<br \/>3. Dane osobowe zamieszczone przez\u00a0U\u017cytkownika w\u00a0formularzu kontaktowym (imi\u0119, nazwisko oraz\u00a0adres e-mail) s\u0105\u00a0wykorzystywane w\u00a0celu udzielenia odpowiedzi na\u00a0zapytanie z\u0142o\u017cone przez\u00a0U\u017cytkownika.<\/p>\n<p>4. Dane osobowe przetwarzane s\u0105\u00a0w\u00a0celu dostosowania strony internetowej Administratora do\u00a0potrzeb U\u017cytkownik\u00f3w na\u00a0podstawie art. 6 ust. 1 lit. RODO.<\/p>\n<p>5. W czasie przegl\u0105dania strony internetowej www.windkraft3.pl przez U\u017cytkownik\u00f3w, automatycznie zbierane s\u0105 informacje dotycz\u0105ce korzystania ze strony internetowej przez U\u017cytkownik\u00f3w oraz ich adresy IP w oparciu o analiz\u0119 log\u00f3w dost\u0119powych, np. typ przegl\u0105darki, typ systemu operacyjnego, data i czas odwiedzin, liczba po\u0142\u0105cze\u0144, liczba otwieranych podstron Serwisu, nazwa domeny, przegl\u0105dane tre\u015bci. Dane zbierane automatycznie nie s\u0105 kojarzone z konkretnymi osobami przegl\u0105daj\u0105cymi strony i przetwarzane b\u0119d\u0105 wy\u0142\u0105cznie wewn\u0119trznie w celach analitycznych i statystycznych oraz dla cel\u00f3w administrowania serwerem.<\/p>\n<p>6. Dane osobowe zgromadzone przez\u00a0Administratora mog\u0105 by\u0107 udost\u0119pnione:<br \/>a) odpowiednim organom pa\u0144stwowym na\u00a0ich \u017c\u0105danie na\u00a0podstawie odpowiednich przepis\u00f3w prawa,<br \/>b) innym osobom i\u00a0podmiotom \u2013 jedynie za\u00a0uprzedni\u0105 zgod\u0105 osoby, kt\u00f3rej\u00a0te\u00a0dane dotycz\u0105.<\/p>\n<p>7. Administrator zastrzega sobie prawo do\u00a0przechowywania uzyskanych za\u00a0pomoc\u0105 strony internetowej przez\u00a0okres nie\u00a0d\u0142u\u017cszy, ni\u017c jest to\u00a0niezb\u0119dne do\u00a0cel\u00f3w, w\u00a0kt\u00f3rych\u00a0dane te\u00a0s\u0105\u00a0przetwarzane.<\/p>\n<p>8. Administrator ma\u00a0prawo wykorzystywa\u0107 dane osobowe u\u017cytkownik\u00f3w strony internetowej do\u00a0cel\u00f3w bada\u0144 rynkowych oraz\u00a0dla innych cel\u00f3w marketingowych, pod\u00a0warunkiem uzyskania zgody od\u00a0u\u017cytkownik\u00f3w na\u00a0wykorzystanie danych do\u00a0cel\u00f3w wskazanych w\u00a0niniejszym ust\u0119pie.<\/p>\n<p><strong>\u00a7 3<\/strong><br \/><strong> Pliki cookies<\/strong><\/p>\n<p>1. Ciasteczka (\u201ecookies\u201d) to\u00a0niewielkie pliki danych informatycznych, w\u00a0szczeg\u00f3lno\u015bci pliki tekstowe, przechowywane w\u00a0urz\u0105dzeniach ko\u0144cowych u\u017cytkownik\u00f3w przeznaczone do\u00a0korzystania ze\u00a0stron internetowych (np.\u00a0typu przegl\u0105darki internetowej). Pliki te\u00a0pozwalaj\u0105 rozpozna\u0107 urz\u0105dzenie U\u017cytkownika i\u00a0odpowiednio wy\u015bwietli\u0107 stron\u0119 internetow\u0105 dostosowuj\u0105c j\u0105\u00a0do\u00a0jego preferencji. Ciasteczka nie\u00a0zawieraj\u0105 danych osobowych ani nie\u00a0s\u0105\u00a0u\u017cywane do\u00a0ich przekazywania.<\/p>\n<p>2. Pliki \u201ecookies\u201d s\u0105\u00a0u\u017cywane przez\u00a0Administratora w\u00a0celu przechowywania informacji o\u00a0sesji oraz\u00a0zapewnienia jej ci\u0105g\u0142o\u015bci po\u00a0logowaniu, w\u00a0celach statystycznych, marketingowych oraz\u00a0w\u00a0celu dostosowania zawarto\u015bci strony internetowej do\u00a0preferencji U\u017cytkownika. Pliki \u201ecookies\u201d przechowuj\u0105 informacj\u0119 o\u00a0geolokalizacji, j\u0119zyku odwiedzaj\u0105cego stron\u0119, informacje o\u00a0odsy\u0142aczu, informacje o\u00a0preferencjach u\u017cytkownika, informacje do\u00a0automatycznego logowania oraz\u00a0losowe dane dotycz\u0105ce identyfikator\u00f3w sesji.<\/p>\n<p>3. Standardowo oprogramowanie s\u0142u\u017c\u0105ce do\u00a0przegl\u0105dania stron internetowych domy\u015blnie dopuszcza umieszczanie plik\u00f3w \u201ecookies\u201d. Mo\u017cna to\u00a0jednak w\u00a0dowolnym czasie zmieni\u0107 w\u00a0ustawieniach przegl\u0105darki internetowej dotycz\u0105cych plik\u00f3w \u201ecookies\u201d tak, aby nie\u00a0akceptowa\u0142a plik\u00f3w \u201ecookies\u201d lub informowa\u0142a o\u00a0ich przesy\u0142aniu. Szczeg\u00f3\u0142owe informacje o\u00a0mo\u017cliwo\u015bci i\u00a0sposobach obs\u0142ugi plik\u00f3w \u201ecookies\u201d dost\u0119pne s\u0105\u00a0w\u00a0ustawieniach oprogramowania (przegl\u0105darki internetowej). Nale\u017cy jednak pami\u0119ta\u0107, \u017ce\u00a0nieakceptowanie plik\u00f3w \u201ecookies\u201d, mo\u017ce uniemo\u017cliwi\u0107 poprawne dzia\u0142anie stron Internetowych.<\/p>\n<p>Wi\u0119cej informacji o\u00a0ciasteczkach znale\u017a\u0107 mo\u017cna na: http:\/\/www.allaboutcookies.org.<br \/>Wi\u0119cej na\u00a0temat usuwania ich z\u00a0przegl\u0105darki internetowej, mo\u017cna przeczyta\u0107 na: http:\/\/www.allaboutcookies.org\/manage-cookies\/index.html<\/p>\n<p><strong>\u00a7 4<\/strong><br \/><strong> Zabezpieczenie danych<\/strong><\/p>\n<p>Administrator podejmuje wszelkie niezb\u0119dne \u015brodki techniczne w\u00a0celu ochrony danych osobowych U\u017cytkownik\u00f3w przed\u00a0ingerencj\u0105 os\u00f3b trzecich w\u00a0prywatno\u015b\u0107 U\u017cytkownik\u00f3w, a\u00a0tak\u017ce w\u00a0celu zapobie\u017cenia nieupowa\u017cnionemu lub bezprawnemu dost\u0119powi do\u00a0danych osobowych U\u017cytkownik\u00f3w, ich przypadkowej utracie, zniszczeniu lub uszkodzeniu.<\/p>\n<p><strong>\u00a7 5<\/strong><br \/><strong> Zmiany Polityki Prywatno\u015bci<\/strong><\/p>\n<p>Administrator zastrzega sobie prawo zmiany niniejszej Polityki Prywatno\u015bci w ka\u017cdym czasie. Zmiana nast\u0105pi przez opublikowanie nowej Polityki Prywatno\u015bci na stronie internetowej www.windkraft3.pl<\/p>\n<p>[\/et_pb_text][\/et_pb_column][\/et_pb_row][\/et_pb_section]<\/p>\n","protected":false},"excerpt":{"rendered":"<p><span><span><a href=\"https:\/\/www.windkraft3.pl\/\">Strona g\u0142\u00f3wna<\/a><\/span><\/span>Zgodnie z art. 13 ust. 1 Rozporz\u0105dzenia Parlamentu Europejskiego i Rady (UE) 2016\/679 z dnia 27 kwietnia 2016 roku w sprawie ochrony os\u00f3b fizycznych w zwi\u0105zku z przetwarzaniem danych osobowych i w sprawie swobodnego przep\u0142ywu takich danych oraz uchylenia dyrektywy 95\/46\/WE (zwane dalej: RODO) informujemy, i\u017c Administratorem Pa\u0144stwa danych osobowych jest Windkraft 3 sp. z\u00a0o.o [&hellip;]<\/p>\n","protected":false},"author":1,"featured_media":0,"parent":0,"menu_order":0,"comment_status":"closed","ping_status":"closed","template":"","meta":{"_et_pb_use_builder":"on","_et_pb_old_content":"","_et_gb_content_width":"","footnotes":""},"class_list":["post-1193","page","type-page","status-publish","hentry"],"yoast_head":"<!-- This site is optimized with the Yoast SEO plugin v27.4 - https:\/\/yoast.com\/product\/yoast-seo-wordpress\/ -->\n<title>Polityka prywatno\u015bci - Elektrownie wiatrowe<\/title>\n<meta name=\"description\" content=\"Elektrownie wiatrowe - Naturalne \u017ar\u00f3d\u0142o energii\" \/>\n<meta name=\"robots\" content=\"index, follow, max-snippet:-1, max-image-preview:large, max-video-preview:-1\" \/>\n<link rel=\"canonical\" href=\"https:\/\/www.windkraft3.pl\/de\/polityka-prywatnosci\/\" \/>\n<meta property=\"og:locale\" content=\"de_DE\" \/>\n<meta property=\"og:type\" content=\"article\" \/>\n<meta property=\"og:title\" content=\"Polityka prywatno\u015bci - Elektrownie wiatrowe\" \/>\n<meta property=\"og:description\" content=\"Elektrownie wiatrowe - Naturalne \u017ar\u00f3d\u0142o energii\" \/>\n<meta property=\"og:url\" content=\"https:\/\/www.windkraft3.pl\/de\/polityka-prywatnosci\/\" \/>\n<meta property=\"og:site_name\" content=\"Elektrownie wiatrowe\" \/>\n<meta property=\"article:modified_time\" content=\"2024-09-16T08:51:10+00:00\" \/>\n<meta property=\"og:image\" content=\"https:\/\/www.windkraft3.pl\/wp-content\/uploads\/2021\/01\/Logo_fb.jpg\" \/>\n\t<meta property=\"og:image:width\" content=\"560\" \/>\n\t<meta property=\"og:image:height\" content=\"292\" \/>\n\t<meta property=\"og:image:type\" content=\"image\/jpeg\" \/>\n<meta name=\"twitter:card\" content=\"summary_large_image\" \/>\n<meta name=\"twitter:label1\" content=\"Gesch\u00e4tzte Lesezeit\" \/>\n\t<meta name=\"twitter:data1\" content=\"9\u00a0Minuten\" \/>\n<script type=\"application\/ld+json\" class=\"yoast-schema-graph\">{\"@context\":\"https:\\\/\\\/schema.org\",\"@graph\":[{\"@type\":\"WebPage\",\"@id\":\"https:\\\/\\\/www.windkraft3.pl\\\/polityka-prywatnosci\\\/\",\"url\":\"https:\\\/\\\/www.windkraft3.pl\\\/polityka-prywatnosci\\\/\",\"name\":\"Polityka prywatno\u015bci - Elektrownie wiatrowe\",\"isPartOf\":{\"@id\":\"https:\\\/\\\/www.windkraft3.pl\\\/#website\"},\"datePublished\":\"2020-11-10T13:31:16+00:00\",\"dateModified\":\"2024-09-16T08:51:10+00:00\",\"description\":\"Elektrownie wiatrowe - Naturalne \u017ar\u00f3d\u0142o energii\",\"breadcrumb\":{\"@id\":\"https:\\\/\\\/www.windkraft3.pl\\\/polityka-prywatnosci\\\/#breadcrumb\"},\"inLanguage\":\"de\",\"potentialAction\":[{\"@type\":\"ReadAction\",\"target\":[\"https:\\\/\\\/www.windkraft3.pl\\\/polityka-prywatnosci\\\/\"]}]},{\"@type\":\"BreadcrumbList\",\"@id\":\"https:\\\/\\\/www.windkraft3.pl\\\/polityka-prywatnosci\\\/#breadcrumb\",\"itemListElement\":[{\"@type\":\"ListItem\",\"position\":1,\"name\":\"Strona g\u0142\u00f3wna\",\"item\":\"https:\\\/\\\/www.windkraft3.pl\\\/\"},{\"@type\":\"ListItem\",\"position\":2,\"name\":\"Polityka prywatno\u015bci\"}]},{\"@type\":\"WebSite\",\"@id\":\"https:\\\/\\\/www.windkraft3.pl\\\/#website\",\"url\":\"https:\\\/\\\/www.windkraft3.pl\\\/\",\"name\":\"Elektrownie wiatrowe\",\"description\":\"Naturalne \u017ar&oacute;d\u0142o energii\",\"potentialAction\":[{\"@type\":\"SearchAction\",\"target\":{\"@type\":\"EntryPoint\",\"urlTemplate\":\"https:\\\/\\\/www.windkraft3.pl\\\/?s={search_term_string}\"},\"query-input\":{\"@type\":\"PropertyValueSpecification\",\"valueRequired\":true,\"valueName\":\"search_term_string\"}}],\"inLanguage\":\"de\"}]}<\/script>\n<!-- \/ Yoast SEO plugin. -->","yoast_head_json":{"title":"Polityka prywatno\u015bci - Elektrownie wiatrowe","description":"Elektrownie wiatrowe - Naturalne \u017ar\u00f3d\u0142o energii","robots":{"index":"index","follow":"follow","max-snippet":"max-snippet:-1","max-image-preview":"max-image-preview:large","max-video-preview":"max-video-preview:-1"},"canonical":"https:\/\/www.windkraft3.pl\/de\/polityka-prywatnosci\/","og_locale":"de_DE","og_type":"article","og_title":"Polityka prywatno\u015bci - Elektrownie wiatrowe","og_description":"Elektrownie wiatrowe - Naturalne \u017ar\u00f3d\u0142o energii","og_url":"https:\/\/www.windkraft3.pl\/de\/polityka-prywatnosci\/","og_site_name":"Elektrownie wiatrowe","article_modified_time":"2024-09-16T08:51:10+00:00","og_image":[{"width":560,"height":292,"url":"https:\/\/www.windkraft3.pl\/wp-content\/uploads\/2021\/01\/Logo_fb.jpg","type":"image\/jpeg"}],"twitter_card":"summary_large_image","twitter_misc":{"Gesch\u00e4tzte Lesezeit":"9\u00a0Minuten"},"schema":{"@context":"https:\/\/schema.org","@graph":[{"@type":"WebPage","@id":"https:\/\/www.windkraft3.pl\/polityka-prywatnosci\/","url":"https:\/\/www.windkraft3.pl\/polityka-prywatnosci\/","name":"Polityka prywatno\u015bci - Elektrownie wiatrowe","isPartOf":{"@id":"https:\/\/www.windkraft3.pl\/#website"},"datePublished":"2020-11-10T13:31:16+00:00","dateModified":"2024-09-16T08:51:10+00:00","description":"Elektrownie wiatrowe - Naturalne \u017ar\u00f3d\u0142o energii","breadcrumb":{"@id":"https:\/\/www.windkraft3.pl\/polityka-prywatnosci\/#breadcrumb"},"inLanguage":"de","potentialAction":[{"@type":"ReadAction","target":["https:\/\/www.windkraft3.pl\/polityka-prywatnosci\/"]}]},{"@type":"BreadcrumbList","@id":"https:\/\/www.windkraft3.pl\/polityka-prywatnosci\/#breadcrumb","itemListElement":[{"@type":"ListItem","position":1,"name":"Strona g\u0142\u00f3wna","item":"https:\/\/www.windkraft3.pl\/"},{"@type":"ListItem","position":2,"name":"Polityka prywatno\u015bci"}]},{"@type":"WebSite","@id":"https:\/\/www.windkraft3.pl\/#website","url":"https:\/\/www.windkraft3.pl\/","name":"Elektrownie wiatrowe","description":"Naturalne \u017ar&oacute;d\u0142o energii","potentialAction":[{"@type":"SearchAction","target":{"@type":"EntryPoint","urlTemplate":"https:\/\/www.windkraft3.pl\/?s={search_term_string}"},"query-input":{"@type":"PropertyValueSpecification","valueRequired":true,"valueName":"search_term_string"}}],"inLanguage":"de"}]}},"_links":{"self":[{"href":"https:\/\/www.windkraft3.pl\/de\/wp-json\/wp\/v2\/pages\/1193","targetHints":{"allow":["GET"]}}],"collection":[{"href":"https:\/\/www.windkraft3.pl\/de\/wp-json\/wp\/v2\/pages"}],"about":[{"href":"https:\/\/www.windkraft3.pl\/de\/wp-json\/wp\/v2\/types\/page"}],"author":[{"embeddable":true,"href":"https:\/\/www.windkraft3.pl\/de\/wp-json\/wp\/v2\/users\/1"}],"replies":[{"embeddable":true,"href":"https:\/\/www.windkraft3.pl\/de\/wp-json\/wp\/v2\/comments?post=1193"}],"version-history":[{"count":8,"href":"https:\/\/www.windkraft3.pl\/de\/wp-json\/wp\/v2\/pages\/1193\/revisions"}],"predecessor-version":[{"id":1404,"href":"https:\/\/www.windkraft3.pl\/de\/wp-json\/wp\/v2\/pages\/1193\/revisions\/1404"}],"wp:attachment":[{"href":"https:\/\/www.windkraft3.pl\/de\/wp-json\/wp\/v2\/media?parent=1193"}],"curies":[{"name":"wp","href":"https:\/\/api.w.org\/{rel}","templated":true}]}}