{"id":16,"date":"2020-07-22T10:11:18","date_gmt":"2020-07-22T10:11:18","guid":{"rendered":"https:\/\/www.windkraft3.pl\/?page_id=16"},"modified":"2024-09-05T14:23:03","modified_gmt":"2024-09-05T14:23:03","slug":"home","status":"publish","type":"page","link":"https:\/\/www.windkraft3.pl\/de\/","title":{"rendered":"Zuhause"},"content":{"rendered":"<p>[et_pb_section fb_built=&#8221;1&#8243; fullwidth=&#8221;on&#8221; disabled_on=&#8221;on|on|off&#8221; _builder_version=&#8221;4.16&#8243; global_colors_info=&#8221;{}&#8221;][et_pb_fullwidth_slider disabled_on=&#8221;off|off|off&#8221; _builder_version=&#8221;4.16&#8243; height=&#8221;100vh&#8221; height_tablet=&#8221;&#8221; height_phone=&#8221;&#8221; height_last_edited=&#8221;on|desktop&#8221; global_colors_info=&#8221;{}&#8221;][et_pb_slide _builder_version=&#8221;4.16&#8243; background_enable_color=&#8221;off&#8221; background_image=&#8221;https:\/\/www.windkraft3.pl\/wp-content\/uploads\/2020\/07\/bg_slider.jpg&#8221; background_enable_image=&#8221;on&#8221; global_colors_info=&#8221;{}&#8221; sticky_transition=&#8221;on&#8221;]<\/p>\n<h2>Windkraft 3<\/h2>\n<h1>Naturalne \u017ar\u00f3d\u0142o energii<\/h1>\n<div class=\"et_pb_button_wrapper\"><a class=\"et_pb_button et_pb_more_button\" href=\"\/o-firmie\">Dowiedz si\u0119 wi\u0119cej<\/a><\/div>\n<p>[\/et_pb_slide][\/et_pb_fullwidth_slider][\/et_pb_section][et_pb_section fb_built=&#8221;1&#8243; fullwidth=&#8221;on&#8221; disabled_on=&#8221;off|off|on&#8221; _builder_version=&#8221;4.16&#8243; global_colors_info=&#8221;{}&#8221;][et_pb_fullwidth_slider disabled_on=&#8221;off|off|off&#8221; _builder_version=&#8221;4.16&#8243; height_tablet=&#8221;&#8221; height_phone=&#8221;&#8221; height_last_edited=&#8221;on|desktop&#8221; global_colors_info=&#8221;{}&#8221;][et_pb_slide _builder_version=&#8221;4.16&#8243; background_enable_color=&#8221;off&#8221; background_image=&#8221;https:\/\/www.windkraft3.pl\/wp-content\/uploads\/2020\/07\/bg_slider.jpg&#8221; background_enable_image=&#8221;on&#8221; global_colors_info=&#8221;{}&#8221; sticky_transition=&#8221;on&#8221;]<\/p>\n<h2>Windkraft 3<\/h2>\n<h1>Naturalne \u017ar\u00f3d\u0142o energii<\/h1>\n<div class=\"et_pb_button_wrapper\"><a class=\"et_pb_button et_pb_more_button\" href=\"\/o-firmie\">Dowiedz si\u0119 wi\u0119cej<\/a><\/div>\n<p>[\/et_pb_slide][\/et_pb_fullwidth_slider][\/et_pb_section][et_pb_section fb_built=&#8221;1&#8243; _builder_version=&#8221;4.16&#8243; custom_margin=&#8221;0px||0px||false|false&#8221; custom_padding=&#8221;0px||0px||false|false&#8221; global_colors_info=&#8221;{}&#8221;][et_pb_row column_structure=&#8221;1_3,1_3,1_3&#8243; custom_padding_last_edited=&#8221;on|phone&#8221; module_class=&#8221;oferta&#8221; _builder_version=&#8221;4.16&#8243; custom_padding=&#8221;150px||125px||false|false&#8221; custom_padding_tablet=&#8221;100px||75px||false|false&#8221; custom_padding_phone=&#8221;75px||50px||false|false&#8221; global_colors_info=&#8221;{}&#8221;][et_pb_column type=&#8221;1_3&#8243; _builder_version=&#8221;4.16&#8243; global_colors_info=&#8221;{}&#8221;][et_pb_text admin_label=&#8221;Serwis i\u00a0monitoring&#8221; _builder_version=&#8221;4.16&#8243; custom_margin=&#8221;||30px||false|false&#8221; global_colors_info=&#8221;{}&#8221;]<\/p>\n<h3>01<\/h3>\n<h1>Serwis i&nbsp;monitoring<\/h1>\n<p>[\/et_pb_text][et_pb_text admin_label=&#8221;Kr\u00f3tki tekst&#8221; _builder_version=&#8221;4.16&#8243; custom_margin=&#8221;||20px||false|false&#8221; global_colors_info=&#8221;{}&#8221;]<\/p>\n<p>Oferujemy us\u0142ugi serwisowe, monitoring i&nbsp;zdalne zarz\u0105dzanie fermami. Jeste\u015bmy niezast\u0105pionym wsparciem technicznym.<\/p>\n<p>[\/et_pb_text][et_pb_text admin_label=&#8221;Przycisk&#8221; _builder_version=&#8221;4.16&#8243; global_colors_info=&#8221;{}&#8221;]<a class=\"et_pb_button\" href=\"\/serwis-i-monitoring\">Czytaj wi\u0119cej<\/a>[\/et_pb_text][\/et_pb_column][et_pb_column type=&#8221;1_3&#8243; _builder_version=&#8221;4.16&#8243; global_colors_info=&#8221;{}&#8221;][et_pb_text admin_label=&#8221;Monta\u017c i\u00a0demonta\u017c&#8221; _builder_version=&#8221;4.16&#8243; custom_margin=&#8221;||30px||false|false&#8221; global_colors_info=&#8221;{}&#8221;]<\/p>\n<h3>02<\/h3>\n<h1>Monta\u017c i&nbsp;demonta\u017c<\/h1>\n<p>[\/et_pb_text][et_pb_text admin_label=&#8221;Kr\u00f3tki tekst&#8221; _builder_version=&#8221;4.16&#8243; custom_margin=&#8221;||20px||false|false&#8221; global_colors_info=&#8221;{}&#8221;]<\/p>\n<p>Kompleksowo realizujemy monta\u017c i&nbsp;demonta\u017c turbin. Zajmujemy si\u0119 tak\u017ce utylizacj\u0105 zu\u017cytych elektrowni wiatrowych.<\/p>\n<p>[\/et_pb_text][et_pb_text admin_label=&#8221;Przycisk&#8221; _builder_version=&#8221;4.16&#8243; global_colors_info=&#8221;{}&#8221;]<a class=\"et_pb_button\" href=\"\/montaz-i-demontaz\">Czytaj wi\u0119cej<\/a>[\/et_pb_text][\/et_pb_column][et_pb_column type=&#8221;1_3&#8243; module_class=&#8221;oferta&#8221; _builder_version=&#8221;4.16&#8243; global_colors_info=&#8221;{}&#8221;][et_pb_text admin_label=&#8221;Skup i\u00a0sprzeda\u017c&#8221; _builder_version=&#8221;4.16&#8243; custom_margin=&#8221;||30px||false|false&#8221; global_colors_info=&#8221;{}&#8221;]<\/p>\n<h3>03<\/h3>\n<h1>Sprzeda\u017c i&nbsp;kupno<\/h1>\n<p>[\/et_pb_text][et_pb_text admin_label=&#8221;Kr\u00f3tki tekst&#8221; _builder_version=&#8221;4.16&#8243; custom_margin=&#8221;||20px||false|false&#8221; global_colors_info=&#8221;{}&#8221;]<\/p>\n<p>Skupujemy oraz&nbsp;sprzedajemy u\u017cywane elektrownie wiatrowe, cz\u0119\u015bci oraz&nbsp;materia\u0142y eksploatacyjne.<\/p>\n<p>[\/et_pb_text][et_pb_text admin_label=&#8221;Przycisk&#8221; _builder_version=&#8221;4.16&#8243; global_colors_info=&#8221;{}&#8221;]<a class=\"et_pb_button\" href=\"\/sprzedaz-i-kupno\">Czytaj wi\u0119cej<\/a>[\/et_pb_text][\/et_pb_column][\/et_pb_row][\/et_pb_section][et_pb_section fb_built=&#8221;1&#8243; disabled_on=&#8221;on|on|on&#8221; module_class=&#8221;u&#8221; _builder_version=&#8221;4.16&#8243; background_color=&#8221;#f7f7f7&#8243; use_background_color_gradient=&#8221;on&#8221; background_color_gradient_direction=&#8221;0deg&#8221; background_color_gradient_stops=&#8221;#f7f7f7 50%|#fff 50%&#8221; background_color_gradient_start=&#8221;#f7f7f7&#8243; background_color_gradient_start_position=&#8221;50%&#8221; background_color_gradient_end=&#8221;#fff&#8221; background_color_gradient_end_position=&#8221;50%&#8221; custom_margin=&#8221;0px||0px||false|false&#8221; custom_padding=&#8221;0px||0px||false|false&#8221; disabled=&#8221;on&#8221; global_colors_info=&#8221;{}&#8221;][et_pb_row custom_padding_last_edited=&#8221;on|tablet&#8221; module_class=&#8221;uzywane&#8221; _builder_version=&#8221;4.16&#8243; background_enable_color=&#8221;off&#8221; background_image=&#8221;https:\/\/www.windkraft3.pl\/wp-content\/uploads\/2020\/07\/bg_uzywane.jpg&#8221; custom_margin=&#8221;||||false|false&#8221; custom_padding=&#8221;175px|50px|50px|50px|false|false&#8221; custom_padding_tablet=&#8221;100px|30px||30px|false|false&#8221; custom_padding_phone=&#8221;50px|20px|50px|20px|false|false&#8221; global_colors_info=&#8221;{}&#8221;][et_pb_column type=&#8221;4_4&#8243; _builder_version=&#8221;4.16&#8243; global_colors_info=&#8221;{}&#8221;][et_pb_text admin_label=&#8221;Cz\u0119\u015bci i\u00a0wiatraki u\u017cywane&#8221; _builder_version=&#8221;4.16&#8243; custom_margin=&#8221;||30px||false|false&#8221; global_colors_info=&#8221;{}&#8221;]<\/p>\n<h1>Cz\u0119\u015bci i&nbsp;wiatraki u\u017cywane<\/h1>\n<p>[\/et_pb_text][et_pb_text admin_label=&#8221;Kr\u00f3tki tekst&#8221; module_class=&#8221;tekst&#8221; _builder_version=&#8221;4.16&#8243; custom_margin=&#8221;||0px||false|false&#8221; global_colors_info=&#8221;{}&#8221;]Nowe i&nbsp;u\u017cywane cz\u0119\u015bci oraz&nbsp;materia\u0142y eksploatacyjne do&nbsp;elektrowni wiatrowych.[\/et_pb_text][et_pb_text admin_label=&#8221;Przycisk&#8221; _builder_version=&#8221;4.16&#8243; custom_margin=&#8221;30px||||false|false&#8221; global_colors_info=&#8221;{}&#8221;]<a class=\"et_pb_button\" href=\"\/produkty\"><\/a>[\/et_pb_text][\/et_pb_column][\/et_pb_row][\/et_pb_section][et_pb_section fb_built=&#8221;1&#8243; _builder_version=&#8221;4.16&#8243; background_color=&#8221;#f7f7f7&#8243; custom_margin=&#8221;0px||0px||false|false&#8221; custom_padding=&#8221;0px||0px||false|false&#8221; global_colors_info=&#8221;{}&#8221;][et_pb_row column_structure=&#8221;1_3,2_3&#8243; custom_padding_last_edited=&#8221;on|phone&#8221; module_class=&#8221;ofirmie&#8221; _builder_version=&#8221;4.16&#8243; custom_padding=&#8221;125px||125px||false|false&#8221; custom_padding_tablet=&#8221;75px||75px||false|false&#8221; custom_padding_phone=&#8221;50px||50px||false|false&#8221; global_colors_info=&#8221;{}&#8221;][et_pb_column type=&#8221;1_3&#8243; _builder_version=&#8221;4.16&#8243; global_colors_info=&#8221;{}&#8221;][et_pb_text admin_label=&#8221;Nag\u0142owek&#8221; _builder_version=&#8221;4.27.0&#8243; custom_margin=&#8221;||30px||false|false&#8221; custom_padding=&#8221;0px||||false|false&#8221; custom_padding_tablet=&#8221;&#8221; custom_padding_phone=&#8221;0px||||false|false&#8221; custom_padding_last_edited=&#8221;on|phone&#8221; global_colors_info=&#8221;{}&#8221;]<\/p>\n<h1>Z\u00a0pasji do\u00a0energii odnawialnej<\/h1>\n<p>[\/et_pb_text][et_pb_text admin_label=&#8221;Kr\u00f3tki tekst&#8221; _builder_version=&#8221;4.27.0&#8243; custom_margin=&#8221;||20px||false|false&#8221; global_colors_info=&#8221;{}&#8221;]<\/p>\n<p>Sp\u00f3\u0142ka Windkraft3 powsta\u0142a w&nbsp;2022 roku jako nowy etap naszego rozwoju, kontynuuj\u0105c sukcesy i&nbsp;do\u015bwiadczenia zdobyte w&nbsp;firmie <a href=\"https:\/\/windkraft.pl\/\" target=\"_blank\" rel=\"noopener\">Windkraft<\/a>, kt\u00f3ra&nbsp;dzia\u0142a od&nbsp;2009 roku.<\/p>\n<p>Chocia\u017c Sp\u00f3\u0142ka Windkraft3 jest stosunkowo m\u0142od\u0105 firm\u0105, opieramy si\u0119 na&nbsp;latach sprawdzonych praktyk i&nbsp;ekspertyzy, kt\u00f3re wynie\u015bli\u015bmy z&nbsp;naszej pierwszej dzia\u0142alno\u015bci.\u00a0<\/p>\n<p>[\/et_pb_text][et_pb_text admin_label=&#8221;Przycisk&#8221; _builder_version=&#8221;4.16&#8243; global_colors_info=&#8221;{}&#8221;]<a class=\"et_pb_button\" href=\"\/o-firmie\">Czytaj wi\u0119cej<\/a>[\/et_pb_text][\/et_pb_column][et_pb_column type=&#8221;2_3&#8243; _builder_version=&#8221;4.16&#8243; global_colors_info=&#8221;{}&#8221;][et_pb_image src=&#8221;https:\/\/www.windkraft3.pl\/wp-content\/uploads\/2024\/09\/ofirmie2_img.jpg&#8221; title_text=&#8221;ofirmie2_img&#8221; align=&#8221;right&#8221; _builder_version=&#8221;4.27.0&#8243; hover_enabled=&#8221;0&#8243; global_colors_info=&#8221;{}&#8221; sticky_enabled=&#8221;0&#8243;][\/et_pb_image][\/et_pb_column][\/et_pb_row][\/et_pb_section]<\/p>\n","protected":false},"excerpt":{"rendered":"<p>Windkraft 3 Naturalne \u017ar\u00f3d\u0142o energii Dowiedz si\u0119 wi\u0119cejWindkraft 3 Naturalne \u017ar\u00f3d\u0142o energii Dowiedz si\u0119 wi\u0119cej01 Serwis i&nbsp;monitoringOferujemy us\u0142ugi serwisowe, monitoring i&nbsp;zdalne zarz\u0105dzanie fermami. Jeste\u015bmy niezast\u0105pionym wsparciem technicznym.Czytaj wi\u0119cej02 Monta\u017c i&nbsp;demonta\u017cKompleksowo realizujemy monta\u017c i&nbsp;demonta\u017c turbin. Zajmujemy si\u0119 tak\u017ce utylizacj\u0105 zu\u017cytych elektrowni wiatrowych.Czytaj wi\u0119cej03 Sprzeda\u017c i&nbsp;kupnoSkupujemy oraz&nbsp;sprzedajemy u\u017cywane elektrownie wiatrowe, cz\u0119\u015bci oraz&nbsp;materia\u0142y eksploatacyjne.Czytaj wi\u0119cejCz\u0119\u015bci i&nbsp;wiatraki u\u017cywaneNowe i&nbsp;u\u017cywane [&hellip;]<\/p>\n","protected":false},"author":1,"featured_media":0,"parent":0,"menu_order":0,"comment_status":"closed","ping_status":"closed","template":"","meta":{"_et_pb_use_builder":"on","_et_pb_old_content":"","_et_gb_content_width":"","footnotes":""},"class_list":["post-16","page","type-page","status-publish","hentry"],"yoast_head":"<!-- This site is optimized with the Yoast SEO plugin v27.4 - https:\/\/yoast.com\/product\/yoast-seo-wordpress\/ -->\n<title>Home - Elektrownie wiatrowe<\/title>\n<meta name=\"description\" content=\"Elektrownie wiatrowe - Naturalne \u017ar\u00f3d\u0142o energii\" \/>\n<meta name=\"robots\" content=\"index, follow, max-snippet:-1, max-image-preview:large, max-video-preview:-1\" \/>\n<link rel=\"canonical\" href=\"https:\/\/www.windkraft3.pl\/de\/\" \/>\n<meta property=\"og:locale\" content=\"de_DE\" \/>\n<meta property=\"og:type\" content=\"article\" \/>\n<meta property=\"og:title\" content=\"Home - Elektrownie wiatrowe\" \/>\n<meta property=\"og:description\" content=\"Elektrownie wiatrowe - Naturalne \u017ar\u00f3d\u0142o energii\" \/>\n<meta property=\"og:url\" content=\"https:\/\/www.windkraft3.pl\/de\/\" \/>\n<meta property=\"og:site_name\" content=\"Elektrownie wiatrowe\" \/>\n<meta property=\"article:modified_time\" content=\"2024-09-05T14:23:03+00:00\" \/>\n<meta property=\"og:image\" content=\"https:\/\/www.windkraft3.pl\/wp-content\/uploads\/2021\/01\/Logo_fb.jpg\" \/>\n\t<meta property=\"og:image:width\" content=\"560\" \/>\n\t<meta property=\"og:image:height\" content=\"292\" \/>\n\t<meta property=\"og:image:type\" content=\"image\/jpeg\" \/>\n<meta name=\"twitter:card\" content=\"summary_large_image\" \/>\n<meta name=\"twitter:label1\" content=\"Gesch\u00e4tzte Lesezeit\" \/>\n\t<meta name=\"twitter:data1\" content=\"5\u00a0Minuten\" \/>\n<script type=\"application\/ld+json\" class=\"yoast-schema-graph\">{\"@context\":\"https:\\\/\\\/schema.org\",\"@graph\":[{\"@type\":\"WebPage\",\"@id\":\"https:\\\/\\\/www.windkraft3.pl\\\/\",\"url\":\"https:\\\/\\\/www.windkraft3.pl\\\/\",\"name\":\"Home - Elektrownie wiatrowe\",\"isPartOf\":{\"@id\":\"https:\\\/\\\/www.windkraft3.pl\\\/#website\"},\"datePublished\":\"2020-07-22T10:11:18+00:00\",\"dateModified\":\"2024-09-05T14:23:03+00:00\",\"description\":\"Elektrownie wiatrowe - Naturalne \u017ar\u00f3d\u0142o energii\",\"breadcrumb\":{\"@id\":\"https:\\\/\\\/www.windkraft3.pl\\\/#breadcrumb\"},\"inLanguage\":\"de\",\"potentialAction\":[{\"@type\":\"ReadAction\",\"target\":[\"https:\\\/\\\/www.windkraft3.pl\\\/\"]}]},{\"@type\":\"BreadcrumbList\",\"@id\":\"https:\\\/\\\/www.windkraft3.pl\\\/#breadcrumb\",\"itemListElement\":[{\"@type\":\"ListItem\",\"position\":1,\"name\":\"Strona g\u0142\u00f3wna\",\"item\":\"https:\\\/\\\/www.windkraft3.pl\\\/\"},{\"@type\":\"ListItem\",\"position\":2,\"name\":\"Home\"}]},{\"@type\":\"WebSite\",\"@id\":\"https:\\\/\\\/www.windkraft3.pl\\\/#website\",\"url\":\"https:\\\/\\\/www.windkraft3.pl\\\/\",\"name\":\"Elektrownie wiatrowe\",\"description\":\"Naturalne \u017ar&oacute;d\u0142o energii\",\"potentialAction\":[{\"@type\":\"SearchAction\",\"target\":{\"@type\":\"EntryPoint\",\"urlTemplate\":\"https:\\\/\\\/www.windkraft3.pl\\\/?s={search_term_string}\"},\"query-input\":{\"@type\":\"PropertyValueSpecification\",\"valueRequired\":true,\"valueName\":\"search_term_string\"}}],\"inLanguage\":\"de\"}]}<\/script>\n<!-- \/ Yoast SEO plugin. -->","yoast_head_json":{"title":"Home - Elektrownie wiatrowe","description":"Elektrownie wiatrowe - Naturalne \u017ar\u00f3d\u0142o energii","robots":{"index":"index","follow":"follow","max-snippet":"max-snippet:-1","max-image-preview":"max-image-preview:large","max-video-preview":"max-video-preview:-1"},"canonical":"https:\/\/www.windkraft3.pl\/de\/","og_locale":"de_DE","og_type":"article","og_title":"Home - Elektrownie wiatrowe","og_description":"Elektrownie wiatrowe - Naturalne \u017ar\u00f3d\u0142o energii","og_url":"https:\/\/www.windkraft3.pl\/de\/","og_site_name":"Elektrownie wiatrowe","article_modified_time":"2024-09-05T14:23:03+00:00","og_image":[{"width":560,"height":292,"url":"https:\/\/www.windkraft3.pl\/wp-content\/uploads\/2021\/01\/Logo_fb.jpg","type":"image\/jpeg"}],"twitter_card":"summary_large_image","twitter_misc":{"Gesch\u00e4tzte Lesezeit":"5\u00a0Minuten"},"schema":{"@context":"https:\/\/schema.org","@graph":[{"@type":"WebPage","@id":"https:\/\/www.windkraft3.pl\/","url":"https:\/\/www.windkraft3.pl\/","name":"Home - Elektrownie wiatrowe","isPartOf":{"@id":"https:\/\/www.windkraft3.pl\/#website"},"datePublished":"2020-07-22T10:11:18+00:00","dateModified":"2024-09-05T14:23:03+00:00","description":"Elektrownie wiatrowe - Naturalne \u017ar\u00f3d\u0142o energii","breadcrumb":{"@id":"https:\/\/www.windkraft3.pl\/#breadcrumb"},"inLanguage":"de","potentialAction":[{"@type":"ReadAction","target":["https:\/\/www.windkraft3.pl\/"]}]},{"@type":"BreadcrumbList","@id":"https:\/\/www.windkraft3.pl\/#breadcrumb","itemListElement":[{"@type":"ListItem","position":1,"name":"Strona g\u0142\u00f3wna","item":"https:\/\/www.windkraft3.pl\/"},{"@type":"ListItem","position":2,"name":"Home"}]},{"@type":"WebSite","@id":"https:\/\/www.windkraft3.pl\/#website","url":"https:\/\/www.windkraft3.pl\/","name":"Elektrownie wiatrowe","description":"Naturalne \u017ar&oacute;d\u0142o energii","potentialAction":[{"@type":"SearchAction","target":{"@type":"EntryPoint","urlTemplate":"https:\/\/www.windkraft3.pl\/?s={search_term_string}"},"query-input":{"@type":"PropertyValueSpecification","valueRequired":true,"valueName":"search_term_string"}}],"inLanguage":"de"}]}},"_links":{"self":[{"href":"https:\/\/www.windkraft3.pl\/de\/wp-json\/wp\/v2\/pages\/16","targetHints":{"allow":["GET"]}}],"collection":[{"href":"https:\/\/www.windkraft3.pl\/de\/wp-json\/wp\/v2\/pages"}],"about":[{"href":"https:\/\/www.windkraft3.pl\/de\/wp-json\/wp\/v2\/types\/page"}],"author":[{"embeddable":true,"href":"https:\/\/www.windkraft3.pl\/de\/wp-json\/wp\/v2\/users\/1"}],"replies":[{"embeddable":true,"href":"https:\/\/www.windkraft3.pl\/de\/wp-json\/wp\/v2\/comments?post=16"}],"version-history":[{"count":69,"href":"https:\/\/www.windkraft3.pl\/de\/wp-json\/wp\/v2\/pages\/16\/revisions"}],"predecessor-version":[{"id":1390,"href":"https:\/\/www.windkraft3.pl\/de\/wp-json\/wp\/v2\/pages\/16\/revisions\/1390"}],"wp:attachment":[{"href":"https:\/\/www.windkraft3.pl\/de\/wp-json\/wp\/v2\/media?parent=16"}],"curies":[{"name":"wp","href":"https:\/\/api.w.org\/{rel}","templated":true}]}}