{"id":751,"date":"2020-10-28T09:42:01","date_gmt":"2020-10-28T09:42:01","guid":{"rendered":"https:\/\/www.windkraft3.pl\/sklep\/"},"modified":"2021-05-24T18:17:20","modified_gmt":"2021-05-24T18:17:20","slug":"produkty","status":"publish","type":"page","link":"https:\/\/www.windkraft3.pl\/de\/produkty\/","title":{"rendered":"Erzeugnisse"},"content":{"rendered":"<p>[et_pb_section fb_built=&#8221;1&#8243; _builder_version=&#8221;4.4.3&#8243; background_color=&#8221;#f7f7f7&#8243;][et_pb_row module_class=&#8221;tytul&#8221; _builder_version=&#8221;4.4.3&#8243; background_enable_color=&#8221;off&#8221;][et_pb_column type=&#8221;4_4&#8243; _builder_version=&#8221;4.4.3&#8243;][et_pb_text module_class=&#8221;breadcrumb&#8221; _builder_version=&#8221;4.4.3&#8243; custom_margin=&#8221;||5px||false|false&#8221;]<\/p>\n<h3><span><span><a href=\"https:\/\/www.windkraft3.pl\/\">Strona g\u0142\u00f3wna<\/a><\/span><\/span><\/h3>\n<p>[\/et_pb_text][et_pb_text _builder_version=&#8221;4.4.3&#8243; _dynamic_attributes=&#8221;content&#8221; custom_margin=&#8221;||0px||false|false&#8221;]@ET-DC@eyJkeW5hbWljIjp0cnVlLCJjb250ZW50IjoicG9zdF90aXRsZSIsInNldHRpbmdzIjp7ImJlZm9yZSI6IjxoMT4iLCJhZnRlciI6IjwvaDE+In19@[\/et_pb_text][\/et_pb_column][\/et_pb_row][\/et_pb_section][et_pb_section fb_built=&#8221;1&#8243; _builder_version=&#8221;4.4.3&#8243;][et_pb_row _builder_version=&#8221;4.4.3&#8243;][et_pb_column type=&#8221;4_4&#8243; _builder_version=&#8221;4.4.3&#8243;][et_pb_tabs _builder_version=&#8221;4.4.3&#8243; hover_enabled=&#8221;0&#8243;][et_pb_tab title=&#8221;Elektrownie Wiatrowe&#8221; _builder_version=&#8221;4.4.3&#8243;]<\/p>\n<table>\n<tbody>\n<tr>\n<td>Lp.<\/td>\n<td>Producent<\/td>\n<td>Typ Turbiny<\/td>\n<td>Rotor (m)<\/td>\n<td>Moc (kW)<\/td>\n<td>Wysoko\u015b\u0107 wie\u017cy (m)<\/td>\n<td>Rok Budowy<\/td>\n<td>Ilo\u015b\u0107<\/td>\n<td>Dost\u0119pno\u015b\u0107<\/td>\n<\/tr>\n<tr>\n<td>1<\/td>\n<td>Nordex<\/td>\n<td>N-27<\/td>\n<td>27 m<\/td>\n<td>150 kW<\/td>\n<td>40 m<\/td>\n<td>1994<\/td>\n<td>10<\/td>\n<td>Natychmiast<\/td>\n<\/tr>\n<tr>\n<td>2<\/td>\n<td>Bonus MK IV<\/td>\n<td>FL 1000<\/td>\n<td>44 m<\/td>\n<td>250 kW<\/td>\n<td>53 m<\/td>\n<td>2000<\/td>\n<td>3<\/td>\n<td>Natychmiast<\/td>\n<\/tr>\n<\/tbody>\n<\/table>\n<p>[\/et_pb_tab][et_pb_tab title=&#8221;Cz\u0119\u015bci do Elektrowni&#8221; _builder_version=&#8221;4.4.3&#8243;]<\/p>\n<table>\n<tbody>\n<tr>\n<td>Lp.<\/td>\n<td>Nazwa<\/td>\n<td>Opis<\/td>\n<\/tr>\n<tr>\n<td>1<\/td>\n<td>Transformator<\/td>\n<td>R\u00f3wnie\u017c dost\u0119pne inne typy transformator\u00f3w.<\/td>\n<\/tr>\n<tr>\n<td>2<\/td>\n<td>Kabel \u015bredniego napi\u0119cia<\/td>\n<td>Atrakcyjne ceny na kable \u015bredniego napi\u0119cia.<\/td>\n<\/tr>\n<\/tbody>\n<\/table>\n<p>[\/et_pb_tab][et_pb_tab title=&#8221;Materia\u0142y Eksploatacyjne&#8221; _builder_version=&#8221;4.4.3&#8243; hover_enabled=&#8221;0&#8243;]<\/p>\n<table>\n<tbody>\n<tr>\n<td>Lp.<\/td>\n<td>Nazwa<\/td>\n<td>Opis<\/td>\n<\/tr>\n<tr>\n<td>1<\/td>\n<td>\u0141o\u017cyska du\u017cych \u015brednic<\/td>\n<td>Na zam\u00f3wienie sprowadzimy \u0142o\u017cyska w atrakcyjnej cenie.<\/td>\n<\/tr>\n<\/tbody>\n<\/table>\n<p>[\/et_pb_tab][\/et_pb_tabs][et_pb_text _builder_version=&#8221;4.4.3&#8243; hover_enabled=&#8221;0&#8243;]<\/p>\n<p>Szczeg\u00f3\u0142y poszczeg\u00f3lnego produktu na zapytanie: <a href=\"mailto:windkraft@windkraft.pl\">windkraft@windkraft.pl<\/a><\/p>\n<p>[\/et_pb_text][\/et_pb_column][\/et_pb_row][\/et_pb_section]<\/p>\n","protected":false},"excerpt":{"rendered":"<p><span><span><a href=\"https:\/\/www.windkraft3.pl\/\">Strona g\u0142\u00f3wna<\/a><\/span><\/span> Lp. Producent Typ Turbiny Rotor (m) Moc (kW) Wysoko\u015b\u0107 wie\u017cy (m) Rok Budowy Ilo\u015b\u0107 Dost\u0119pno\u015b\u0107 1 Nordex N-27 27 m 150 kW 40 m 1994 10 Natychmiast 2 Bonus MK IV FL 1000 44 m 250 kW 53 m 2000 3 Natychmiast Lp. Nazwa Opis 1 Transformator R\u00f3wnie\u017c dost\u0119pne inne typy transformator\u00f3w. 2 Kabel [&hellip;]<\/p>\n","protected":false},"author":1,"featured_media":0,"parent":0,"menu_order":0,"comment_status":"closed","ping_status":"closed","template":"","meta":{"_et_pb_use_builder":"on","_et_pb_old_content":"","_et_gb_content_width":"","footnotes":""},"class_list":["post-751","page","type-page","status-publish","hentry"],"yoast_head":"<!-- This site is optimized with the Yoast SEO plugin v27.4 - https:\/\/yoast.com\/product\/yoast-seo-wordpress\/ -->\n<title>Produkty - Elektrownie wiatrowe<\/title>\n<meta name=\"description\" content=\"Elektrownie wiatrowe - Naturalne \u017ar\u00f3d\u0142o energii\" \/>\n<meta name=\"robots\" content=\"index, follow, max-snippet:-1, max-image-preview:large, max-video-preview:-1\" \/>\n<link rel=\"canonical\" href=\"https:\/\/www.windkraft3.pl\/de\/produkty\/\" \/>\n<meta property=\"og:locale\" content=\"de_DE\" \/>\n<meta property=\"og:type\" content=\"article\" \/>\n<meta property=\"og:title\" content=\"Produkty - Elektrownie wiatrowe\" \/>\n<meta property=\"og:description\" content=\"Elektrownie wiatrowe - Naturalne \u017ar\u00f3d\u0142o energii\" \/>\n<meta property=\"og:url\" content=\"https:\/\/www.windkraft3.pl\/de\/produkty\/\" \/>\n<meta property=\"og:site_name\" content=\"Elektrownie wiatrowe\" \/>\n<meta property=\"article:modified_time\" content=\"2021-05-24T18:17:20+00:00\" \/>\n<meta property=\"og:image\" content=\"https:\/\/www.windkraft3.pl\/wp-content\/uploads\/2021\/01\/Logo_fb.jpg\" \/>\n\t<meta property=\"og:image:width\" content=\"560\" \/>\n\t<meta property=\"og:image:height\" content=\"292\" \/>\n\t<meta property=\"og:image:type\" content=\"image\/jpeg\" \/>\n<meta name=\"twitter:card\" content=\"summary_large_image\" \/>\n<meta name=\"twitter:label1\" content=\"Gesch\u00e4tzte Lesezeit\" \/>\n\t<meta name=\"twitter:data1\" content=\"1\u00a0Minute\" \/>\n<script type=\"application\/ld+json\" class=\"yoast-schema-graph\">{\"@context\":\"https:\\\/\\\/schema.org\",\"@graph\":[{\"@type\":\"WebPage\",\"@id\":\"https:\\\/\\\/www.windkraft3.pl\\\/produkty\\\/\",\"url\":\"https:\\\/\\\/www.windkraft3.pl\\\/produkty\\\/\",\"name\":\"Produkty - Elektrownie wiatrowe\",\"isPartOf\":{\"@id\":\"https:\\\/\\\/www.windkraft3.pl\\\/#website\"},\"datePublished\":\"2020-10-28T09:42:01+00:00\",\"dateModified\":\"2021-05-24T18:17:20+00:00\",\"description\":\"Elektrownie wiatrowe - Naturalne \u017ar\u00f3d\u0142o energii\",\"breadcrumb\":{\"@id\":\"https:\\\/\\\/www.windkraft3.pl\\\/produkty\\\/#breadcrumb\"},\"inLanguage\":\"de\",\"potentialAction\":[{\"@type\":\"ReadAction\",\"target\":[\"https:\\\/\\\/www.windkraft3.pl\\\/produkty\\\/\"]}]},{\"@type\":\"BreadcrumbList\",\"@id\":\"https:\\\/\\\/www.windkraft3.pl\\\/produkty\\\/#breadcrumb\",\"itemListElement\":[{\"@type\":\"ListItem\",\"position\":1,\"name\":\"Strona g\u0142\u00f3wna\",\"item\":\"https:\\\/\\\/www.windkraft3.pl\\\/\"},{\"@type\":\"ListItem\",\"position\":2,\"name\":\"Produkty\"}]},{\"@type\":\"WebSite\",\"@id\":\"https:\\\/\\\/www.windkraft3.pl\\\/#website\",\"url\":\"https:\\\/\\\/www.windkraft3.pl\\\/\",\"name\":\"Elektrownie wiatrowe\",\"description\":\"Naturalne \u017ar&oacute;d\u0142o energii\",\"potentialAction\":[{\"@type\":\"SearchAction\",\"target\":{\"@type\":\"EntryPoint\",\"urlTemplate\":\"https:\\\/\\\/www.windkraft3.pl\\\/?s={search_term_string}\"},\"query-input\":{\"@type\":\"PropertyValueSpecification\",\"valueRequired\":true,\"valueName\":\"search_term_string\"}}],\"inLanguage\":\"de\"}]}<\/script>\n<!-- \/ Yoast SEO plugin. -->","yoast_head_json":{"title":"Produkty - Elektrownie wiatrowe","description":"Elektrownie wiatrowe - Naturalne \u017ar\u00f3d\u0142o energii","robots":{"index":"index","follow":"follow","max-snippet":"max-snippet:-1","max-image-preview":"max-image-preview:large","max-video-preview":"max-video-preview:-1"},"canonical":"https:\/\/www.windkraft3.pl\/de\/produkty\/","og_locale":"de_DE","og_type":"article","og_title":"Produkty - Elektrownie wiatrowe","og_description":"Elektrownie wiatrowe - Naturalne \u017ar\u00f3d\u0142o energii","og_url":"https:\/\/www.windkraft3.pl\/de\/produkty\/","og_site_name":"Elektrownie wiatrowe","article_modified_time":"2021-05-24T18:17:20+00:00","og_image":[{"width":560,"height":292,"url":"https:\/\/www.windkraft3.pl\/wp-content\/uploads\/2021\/01\/Logo_fb.jpg","type":"image\/jpeg"}],"twitter_card":"summary_large_image","twitter_misc":{"Gesch\u00e4tzte Lesezeit":"1\u00a0Minute"},"schema":{"@context":"https:\/\/schema.org","@graph":[{"@type":"WebPage","@id":"https:\/\/www.windkraft3.pl\/produkty\/","url":"https:\/\/www.windkraft3.pl\/produkty\/","name":"Produkty - Elektrownie wiatrowe","isPartOf":{"@id":"https:\/\/www.windkraft3.pl\/#website"},"datePublished":"2020-10-28T09:42:01+00:00","dateModified":"2021-05-24T18:17:20+00:00","description":"Elektrownie wiatrowe - Naturalne \u017ar\u00f3d\u0142o energii","breadcrumb":{"@id":"https:\/\/www.windkraft3.pl\/produkty\/#breadcrumb"},"inLanguage":"de","potentialAction":[{"@type":"ReadAction","target":["https:\/\/www.windkraft3.pl\/produkty\/"]}]},{"@type":"BreadcrumbList","@id":"https:\/\/www.windkraft3.pl\/produkty\/#breadcrumb","itemListElement":[{"@type":"ListItem","position":1,"name":"Strona g\u0142\u00f3wna","item":"https:\/\/www.windkraft3.pl\/"},{"@type":"ListItem","position":2,"name":"Produkty"}]},{"@type":"WebSite","@id":"https:\/\/www.windkraft3.pl\/#website","url":"https:\/\/www.windkraft3.pl\/","name":"Elektrownie wiatrowe","description":"Naturalne \u017ar&oacute;d\u0142o energii","potentialAction":[{"@type":"SearchAction","target":{"@type":"EntryPoint","urlTemplate":"https:\/\/www.windkraft3.pl\/?s={search_term_string}"},"query-input":{"@type":"PropertyValueSpecification","valueRequired":true,"valueName":"search_term_string"}}],"inLanguage":"de"}]}},"_links":{"self":[{"href":"https:\/\/www.windkraft3.pl\/de\/wp-json\/wp\/v2\/pages\/751","targetHints":{"allow":["GET"]}}],"collection":[{"href":"https:\/\/www.windkraft3.pl\/de\/wp-json\/wp\/v2\/pages"}],"about":[{"href":"https:\/\/www.windkraft3.pl\/de\/wp-json\/wp\/v2\/types\/page"}],"author":[{"embeddable":true,"href":"https:\/\/www.windkraft3.pl\/de\/wp-json\/wp\/v2\/users\/1"}],"replies":[{"embeddable":true,"href":"https:\/\/www.windkraft3.pl\/de\/wp-json\/wp\/v2\/comments?post=751"}],"version-history":[{"count":16,"href":"https:\/\/www.windkraft3.pl\/de\/wp-json\/wp\/v2\/pages\/751\/revisions"}],"predecessor-version":[{"id":1265,"href":"https:\/\/www.windkraft3.pl\/de\/wp-json\/wp\/v2\/pages\/751\/revisions\/1265"}],"wp:attachment":[{"href":"https:\/\/www.windkraft3.pl\/de\/wp-json\/wp\/v2\/media?parent=751"}],"curies":[{"name":"wp","href":"https:\/\/api.w.org\/{rel}","templated":true}]}}