{"id":434,"date":"2020-07-24T10:04:41","date_gmt":"2020-07-24T10:04:41","guid":{"rendered":"https:\/\/www.windkraft3.pl\/?page_id=434"},"modified":"2024-09-05T14:59:31","modified_gmt":"2024-09-05T14:59:31","slug":"o-firmie","status":"publish","type":"page","link":"https:\/\/www.windkraft3.pl\/en\/o-firmie\/","title":{"rendered":"About us"},"content":{"rendered":"<p>[et_pb_section fb_built=&#8221;1&#8243; _builder_version=&#8221;4.16&#8243; background_color=&#8221;#f7f7f7&#8243; global_colors_info=&#8221;{}&#8221;][et_pb_row module_class=&#8221;tytul&#8221; _builder_version=&#8221;4.16&#8243; background_enable_color=&#8221;off&#8221; global_colors_info=&#8221;{}&#8221;][et_pb_column type=&#8221;4_4&#8243; _builder_version=&#8221;4.16&#8243; global_colors_info=&#8221;{}&#8221;][et_pb_text module_class=&#8221;breadcrumb&#8221; _builder_version=&#8221;4.16&#8243; custom_margin=&#8221;||5px||false|false&#8221; global_colors_info=&#8221;{}&#8221;]<\/p>\n<h3><span><span><a href=\"https:\/\/www.windkraft3.pl\/\">Strona g\u0142\u00f3wna<\/a><\/span><\/span><\/h3>\n<p>[\/et_pb_text][et_pb_text _builder_version=&#8221;4.16&#8243; _dynamic_attributes=&#8221;content&#8221; custom_margin=&#8221;||0px||false|false&#8221; global_colors_info=&#8221;{}&#8221;]@ET-DC@eyJkeW5hbWljIjp0cnVlLCJjb250ZW50IjoicG9zdF90aXRsZSIsInNldHRpbmdzIjp7ImJlZm9yZSI6IjxoMT4iLCJhZnRlciI6IjwvaDE+In19@[\/et_pb_text][\/et_pb_column][\/et_pb_row][\/et_pb_section][et_pb_section fb_built=&#8221;1&#8243; custom_padding_last_edited=&#8221;on|phone&#8221; _builder_version=&#8221;4.16&#8243; custom_padding=&#8221;100px||0px||false|false&#8221; custom_padding_tablet=&#8221;50px||||false|false&#8221; custom_padding_phone=&#8221;20px||||false|false&#8221; global_colors_info=&#8221;{}&#8221;][et_pb_row use_custom_gutter=&#8221;on&#8221; gutter_width=&#8221;2&#8243; _builder_version=&#8221;4.27.0&#8243; custom_padding=&#8221;0px||0px||false|false&#8221; global_colors_info=&#8221;{}&#8221;][et_pb_column type=&#8221;4_4&#8243; _builder_version=&#8221;4.16&#8243; global_colors_info=&#8221;{}&#8221;][et_pb_image src=&#8221;https:\/\/www.windkraft3.pl\/wp-content\/uploads\/2024\/09\/zespol.jpg&#8221; title_text=&#8221;zespol&#8221; _builder_version=&#8221;4.27.0&#8243; _module_preset=&#8221;default&#8221; custom_margin=&#8221;||0px||false|false&#8221; custom_padding=&#8221;||64px||false|false&#8221; custom_padding_tablet=&#8221;||40px||false|false&#8221; custom_padding_phone=&#8221;||40px||false|false&#8221; custom_padding_last_edited=&#8221;on|phone&#8221; global_colors_info=&#8221;{}&#8221;][\/et_pb_image][et_pb_text _builder_version=&#8221;4.27.0&#8243; custom_margin=&#8221;||0px||false|false&#8221; hover_enabled=&#8221;0&#8243; global_colors_info=&#8221;{}&#8221; sticky_enabled=&#8221;0&#8243; disabled_on=&#8221;on|off|off&#8221;]<\/p>\n<p>Sp\u00f3\u0142ka Windkraft3 powsta\u0142a w\u00a02022 roku jako nowy etap naszego rozwoju, kontynuuj\u0105c sukcesy i\u00a0do\u015bwiadczenia zdobyte w\u00a0firmie <a href=\"https:\/\/windkraft.pl\/\" target=\"_blank\" rel=\"noopener\">Windkraft<\/a>, kt\u00f3ra\u00a0dzia\u0142a od\u00a02009 roku. Chocia\u017c Sp\u00f3\u0142ka Windkraft3 jest stosunkowo m\u0142od\u0105 firm\u0105, opieramy si\u0119 na\u00a0latach sprawdzonych praktyk i\u00a0ekspertyzy, kt\u00f3re wynie\u015bli\u015bmy z\u00a0naszej pierwszej dzia\u0142alno\u015bci. Dzi\u0119ki temu mo\u017cemy oferowa\u0107 nowoczesne rozwi\u0105zania, wspierane przez\u00a0zasoby oraz\u00a0bogat\u0105 wiedz\u0119 zespo\u0142u, zbudowan\u0105 w\u00a0oparciu o\u00a0wieloletni\u0105 prac\u0119 i\u00a0zaanga\u017cowanie.<\/p>\n<p>Nasze do\u015bwiadczenie zdobyte przez\u00a0lata dzia\u0142alno\u015bci w\u00a0Windkraft pozwala nam jeszcze efektywniej realizowa\u0107 zadania w\u00a0Sp\u00f3\u0142ce, kt\u00f3ra\u00a0teraz przejmuje g\u0142\u00f3wn\u0105 rol\u0119 operacyjn\u0105, wci\u0105\u017c wspierana przez\u00a0Windkraft. To\u00a0po\u0142\u0105czenie si\u0142 daje nam mo\u017cliwo\u015b\u0107 dostarczania kompleksowych rozwi\u0105za\u0144 naszym klientom, gwarantuj\u0105c jednocze\u015bnie profesjonalizm oraz\u00a0elastyczno\u015b\u0107 w\u00a0dzia\u0142aniu.<\/p>\n<p>[\/et_pb_text][et_pb_text _builder_version=&#8221;4.27.0&#8243; custom_margin=&#8221;||0px||false|false&#8221; hover_enabled=&#8221;0&#8243; global_colors_info=&#8221;{}&#8221; sticky_enabled=&#8221;0&#8243; disabled_on=&#8221;off|on|on&#8221;]<\/p>\n<p>Sp\u00f3\u0142ka Windkraft3 powsta\u0142a w\u00a02022 roku jako nowy etap naszego rozwoju, kontynuuj\u0105c sukcesy i\u00a0do\u015bwiadczenia zdobyte w\u00a0firmie <a href=\"https:\/\/windkraft.pl\/\" target=\"_blank\" rel=\"noopener\">Windkraft<\/a>, kt\u00f3ra\u00a0dzia\u0142a od\u00a02009 roku. Chocia\u017c Sp\u00f3\u0142ka Windkraft3 jest stosunkowo m\u0142od\u0105 firm\u0105, opieramy si\u0119 na\u00a0latach sprawdzonych praktyk i\u00a0ekspertyzy, kt\u00f3re wynie\u015bli\u015bmy z\u00a0naszej pierwszej dzia\u0142alno\u015bci. Dzi\u0119ki temu mo\u017cemy oferowa\u0107 nowoczesne rozwi\u0105zania, wspierane przez\u00a0zasoby oraz\u00a0bogat\u0105 wiedz\u0119 zespo\u0142u, zbudowan\u0105 w\u00a0oparciu o\u00a0wieloletni\u0105 prac\u0119 i\u00a0zaanga\u017cowanie.<\/p>\n<p>[\/et_pb_text][et_pb_gallery gallery_ids=&#8221;654,653,652,738&#8243; show_title_and_caption=&#8221;off&#8221; show_pagination=&#8221;off&#8221; hover_overlay_color=&#8221;rgba(83,177,86,0.8)&#8221; hover_icon=&#8221;&#x54;||divi||400&#8243; _builder_version=&#8221;4.27.0&#8243; custom_padding=&#8221;48px||||false|false&#8221; custom_padding_tablet=&#8221;32px||||false|false&#8221; custom_padding_phone=&#8221;24px||||false|false&#8221; custom_padding_last_edited=&#8221;on|phone&#8221; hover_enabled=&#8221;0&#8243; global_colors_info=&#8221;{}&#8221; disabled_on=&#8221;on|off|off&#8221; sticky_enabled=&#8221;0&#8243;][\/et_pb_gallery][\/et_pb_column][\/et_pb_row][et_pb_row column_structure=&#8221;1_3,2_3&#8243; custom_padding_last_edited=&#8221;on|phone&#8221; _builder_version=&#8221;4.27.0&#8243; _module_preset=&#8221;default&#8221; custom_padding=&#8221;80px||0px||false|false&#8221; custom_padding_tablet=&#8221;64px||||false|false&#8221; custom_padding_phone=&#8221;40px||||false|false&#8221; global_colors_info=&#8221;{}&#8221;][et_pb_column type=&#8221;1_3&#8243; _builder_version=&#8221;4.27.0&#8243; _module_preset=&#8221;default&#8221; global_colors_info=&#8221;{}&#8221;][et_pb_image src=&#8221;https:\/\/www.windkraft3.pl\/wp-content\/uploads\/2024\/09\/o_nas_2.jpg&#8221; title_text=&#8221;o_nas_2&#8243; _builder_version=&#8221;4.27.0&#8243; _module_preset=&#8221;default&#8221; global_colors_info=&#8221;{}&#8221;][\/et_pb_image][et_pb_image src=&#8221;https:\/\/www.windkraft3.pl\/wp-content\/uploads\/2024\/09\/o_nas_4.jpg&#8221; title_text=&#8221;o_nas_4&#8243; disabled_on=&#8221;on|on|off&#8221; _builder_version=&#8221;4.27.0&#8243; _module_preset=&#8221;default&#8221; hover_enabled=&#8221;0&#8243; global_colors_info=&#8221;{}&#8221; sticky_enabled=&#8221;0&#8243;][\/et_pb_image][\/et_pb_column][et_pb_column type=&#8221;2_3&#8243; _builder_version=&#8221;4.27.0&#8243; _module_preset=&#8221;default&#8221; global_colors_info=&#8221;{}&#8221;][et_pb_text _builder_version=&#8221;4.27.0&#8243; global_colors_info=&#8221;{}&#8221;]<\/p>\n<p>Na&nbsp;czele Sp\u00f3\u0142ki Windkraft3 stoi Tomasz Daniec \u2013 jeden z&nbsp;jej wsp\u00f3lnik\u00f3w, prezes oraz&nbsp;za\u0142o\u017cyciel pierwszej firmy Windkraft. To&nbsp;w\u0142a\u015bnie on&nbsp;w&nbsp;2009 roku, kierowany pasj\u0105 do&nbsp;energii odnawialnej, za\u0142o\u017cy\u0142 Windkraft, kt\u00f3ra&nbsp;od&nbsp;pocz\u0105tku swojego istnienia by\u0142a nie&nbsp;tylko&nbsp;projektem biznesowym, ale&nbsp;i&nbsp;wyrazem g\u0142\u0119bokiego szacunku do&nbsp;natury oraz&nbsp;Ziemi. Tomasz, od&nbsp;zawsze zafascynowany nowoczesnymi technologiami i&nbsp;zr\u00f3wnowa\u017conym rozwojem, swoj\u0105 wiedz\u0119 i&nbsp;zaanga\u017cowanie przeni\u00f3s\u0142 teraz na&nbsp;rozw\u00f3j Sp\u00f3\u0142ki Windkraft3, kontynuuj\u0105c misj\u0119 dostarczania rozwi\u0105za\u0144, kt\u00f3re harmonizuj\u0105 z&nbsp;ekosystemem, dbaj\u0105c o&nbsp;przysz\u0142o\u015b\u0107 planety.<\/p>\n<p>Windkraft3 to&nbsp;jednak nie&nbsp;tylko&nbsp;nowy rozdzia\u0142 w&nbsp;dzia\u0142alno\u015bci biznesowej, ale&nbsp;r\u00f3wnie\u017c przyk\u0142ad prawdziwie rodzinnego przedsi\u0119biorstwa. Drugim wsp\u00f3lnikiem jest Karolina Ko\u015bcia\u0144ska-Daniec \u2013 \u017cona Tomasza, kt\u00f3rej&nbsp;zaanga\u017cowanie, determinacja i&nbsp;wizja wsp\u00f3\u0142tworz\u0105 sukcesy firmy. Wsp\u00f3lne warto\u015bci, zaufanie i&nbsp;d\u0105\u017cenie do&nbsp;realizacji wsp\u00f3lnej misji, kt\u00f3r\u0105 jest troska o&nbsp;zr\u00f3wnowa\u017cony rozw\u00f3j i&nbsp;dobro naszej planety, to&nbsp;fundamenty, na&nbsp;kt\u00f3rych&nbsp;zbudowana jest zar\u00f3wno firma, jak i&nbsp;ich codzienna dzia\u0142alno\u015b\u0107.<\/p>\n<p>Domen\u0105 Windkraft3 jest skuteczno\u015b\u0107, elastyczno\u015b\u0107 i&nbsp;szybkie dzia\u0142anie, kt\u00f3re pozwala nam zagwarantowa\u0107 naszym klientom najwy\u017csz\u0105 jako\u015b\u0107 obs\u0142ugi, sprawno\u015b\u0107 urz\u0105dze\u0144 oraz&nbsp;oszcz\u0119dno\u015b\u0107 czasu.<\/p>\n<p>Windkraft3 czerpie si\u0142\u0119 z&nbsp;rodzinnych wi\u0119zi, kt\u00f3re przenikaj\u0105 jej codzienne dzia\u0142ania, co&nbsp;pozwala nam oferowa\u0107 naszym klientom nie&nbsp;tylko&nbsp;profesjonalne us\u0142ugi, ale&nbsp;tak\u017ce osobiste podej\u015bcie, oparte na&nbsp;warto\u015bciach, takich jak odpowiedzialno\u015b\u0107, pasja i&nbsp;zaanga\u017cowanie.<\/p>\n<p>[\/et_pb_text][et_pb_image src=&#8221;https:\/\/www.windkraft3.pl\/wp-content\/uploads\/2024\/09\/o_nas_4.jpg&#8221; title_text=&#8221;o_nas_4&#8243; disabled_on=&#8221;off|off|on&#8221; _builder_version=&#8221;4.27.0&#8243; _module_preset=&#8221;default&#8221; hover_enabled=&#8221;0&#8243; global_colors_info=&#8221;{}&#8221; sticky_enabled=&#8221;0&#8243;][\/et_pb_image][et_pb_text _builder_version=&#8221;4.27.0&#8243; custom_margin=&#8221;||0px||false|false&#8221; hover_enabled=&#8221;0&#8243; global_colors_info=&#8221;{}&#8221; sticky_enabled=&#8221;0&#8243; disabled_on=&#8221;off|on|on&#8221;]<\/p>\n<p>Nasze do\u015bwiadczenie zdobyte przez\u00a0lata dzia\u0142alno\u015bci w\u00a0Windkraft pozwala nam jeszcze efektywniej realizowa\u0107 zadania w\u00a0Sp\u00f3\u0142ce, kt\u00f3ra\u00a0teraz przejmuje g\u0142\u00f3wn\u0105 rol\u0119 operacyjn\u0105, wci\u0105\u017c wspierana przez\u00a0Windkraft. To\u00a0po\u0142\u0105czenie si\u0142 daje nam mo\u017cliwo\u015b\u0107 dostarczania kompleksowych rozwi\u0105za\u0144 naszym klientom, gwarantuj\u0105c jednocze\u015bnie profesjonalizm oraz\u00a0elastyczno\u015b\u0107 w\u00a0dzia\u0142aniu.<\/p>\n<p>[\/et_pb_text][et_pb_gallery gallery_ids=&#8221;654,653,652,738&#8243; show_title_and_caption=&#8221;off&#8221; show_pagination=&#8221;off&#8221; hover_overlay_color=&#8221;rgba(83,177,86,0.8)&#8221; hover_icon=&#8221;&#x54;||divi||400&#8243; _builder_version=&#8221;4.27.0&#8243; custom_padding=&#8221;48px||||false|false&#8221; custom_padding_tablet=&#8221;32px||||false|false&#8221; custom_padding_phone=&#8221;24px||||false|false&#8221; custom_padding_last_edited=&#8221;on|phone&#8221; hover_enabled=&#8221;0&#8243; global_colors_info=&#8221;{}&#8221; disabled_on=&#8221;off|on|on&#8221; sticky_enabled=&#8221;0&#8243;][\/et_pb_gallery][\/et_pb_column][\/et_pb_row][\/et_pb_section]<\/p>\n","protected":false},"excerpt":{"rendered":"<p><span><span><a href=\"https:\/\/www.windkraft3.pl\/\">Strona g\u0142\u00f3wna<\/a><\/span><\/span>Sp\u00f3\u0142ka Windkraft3 powsta\u0142a w\u00a02022 roku jako nowy etap naszego rozwoju, kontynuuj\u0105c sukcesy i\u00a0do\u015bwiadczenia zdobyte w\u00a0firmie Windkraft, kt\u00f3ra\u00a0dzia\u0142a od\u00a02009 roku. Chocia\u017c Sp\u00f3\u0142ka Windkraft3 jest stosunkowo m\u0142od\u0105 firm\u0105, opieramy si\u0119 na\u00a0latach sprawdzonych praktyk i\u00a0ekspertyzy, kt\u00f3re wynie\u015bli\u015bmy z\u00a0naszej pierwszej dzia\u0142alno\u015bci. Dzi\u0119ki temu mo\u017cemy oferowa\u0107 nowoczesne rozwi\u0105zania, wspierane przez\u00a0zasoby oraz\u00a0bogat\u0105 wiedz\u0119 zespo\u0142u, zbudowan\u0105 w\u00a0oparciu o\u00a0wieloletni\u0105 prac\u0119 i\u00a0zaanga\u017cowanie. Nasze do\u015bwiadczenie [&hellip;]<\/p>\n","protected":false},"author":1,"featured_media":0,"parent":0,"menu_order":0,"comment_status":"closed","ping_status":"closed","template":"","meta":{"_et_pb_use_builder":"on","_et_pb_old_content":"","_et_gb_content_width":"","footnotes":""},"class_list":["post-434","page","type-page","status-publish","hentry"],"yoast_head":"<!-- This site is optimized with the Yoast SEO plugin v27.4 - https:\/\/yoast.com\/product\/yoast-seo-wordpress\/ -->\n<title>O Firmie - Elektrownie wiatrowe<\/title>\n<meta name=\"description\" content=\"Elektrownie wiatrowe - Naturalne \u017ar\u00f3d\u0142o energii\" \/>\n<meta name=\"robots\" content=\"index, follow, max-snippet:-1, max-image-preview:large, max-video-preview:-1\" \/>\n<link rel=\"canonical\" href=\"https:\/\/www.windkraft3.pl\/en\/o-firmie\/\" \/>\n<meta property=\"og:locale\" content=\"en_GB\" \/>\n<meta property=\"og:type\" content=\"article\" \/>\n<meta property=\"og:title\" content=\"O Firmie - Elektrownie wiatrowe\" \/>\n<meta property=\"og:description\" content=\"Elektrownie wiatrowe - Naturalne \u017ar\u00f3d\u0142o energii\" \/>\n<meta property=\"og:url\" content=\"https:\/\/www.windkraft3.pl\/en\/o-firmie\/\" \/>\n<meta property=\"og:site_name\" content=\"Elektrownie wiatrowe\" \/>\n<meta property=\"article:modified_time\" content=\"2024-09-05T14:59:31+00:00\" \/>\n<meta property=\"og:image\" content=\"https:\/\/www.windkraft3.pl\/wp-content\/uploads\/2021\/01\/Logo_fb.jpg\" \/>\n\t<meta property=\"og:image:width\" content=\"560\" \/>\n\t<meta property=\"og:image:height\" content=\"292\" \/>\n\t<meta property=\"og:image:type\" content=\"image\/jpeg\" \/>\n<meta name=\"twitter:card\" content=\"summary_large_image\" \/>\n<meta name=\"twitter:label1\" content=\"Estimated reading time\" \/>\n\t<meta name=\"twitter:data1\" content=\"6 minutes\" \/>\n<script type=\"application\/ld+json\" class=\"yoast-schema-graph\">{\"@context\":\"https:\\\/\\\/schema.org\",\"@graph\":[{\"@type\":\"WebPage\",\"@id\":\"https:\\\/\\\/www.windkraft3.pl\\\/o-firmie\\\/\",\"url\":\"https:\\\/\\\/www.windkraft3.pl\\\/o-firmie\\\/\",\"name\":\"O Firmie - Elektrownie wiatrowe\",\"isPartOf\":{\"@id\":\"https:\\\/\\\/www.windkraft3.pl\\\/#website\"},\"datePublished\":\"2020-07-24T10:04:41+00:00\",\"dateModified\":\"2024-09-05T14:59:31+00:00\",\"description\":\"Elektrownie wiatrowe - Naturalne \u017ar\u00f3d\u0142o energii\",\"breadcrumb\":{\"@id\":\"https:\\\/\\\/www.windkraft3.pl\\\/o-firmie\\\/#breadcrumb\"},\"inLanguage\":\"en-GB\",\"potentialAction\":[{\"@type\":\"ReadAction\",\"target\":[\"https:\\\/\\\/www.windkraft3.pl\\\/o-firmie\\\/\"]}]},{\"@type\":\"BreadcrumbList\",\"@id\":\"https:\\\/\\\/www.windkraft3.pl\\\/o-firmie\\\/#breadcrumb\",\"itemListElement\":[{\"@type\":\"ListItem\",\"position\":1,\"name\":\"Strona g\u0142\u00f3wna\",\"item\":\"https:\\\/\\\/www.windkraft3.pl\\\/\"},{\"@type\":\"ListItem\",\"position\":2,\"name\":\"O Firmie\"}]},{\"@type\":\"WebSite\",\"@id\":\"https:\\\/\\\/www.windkraft3.pl\\\/#website\",\"url\":\"https:\\\/\\\/www.windkraft3.pl\\\/\",\"name\":\"Elektrownie wiatrowe\",\"description\":\"Naturalne \u017ar&oacute;d\u0142o energii\",\"potentialAction\":[{\"@type\":\"SearchAction\",\"target\":{\"@type\":\"EntryPoint\",\"urlTemplate\":\"https:\\\/\\\/www.windkraft3.pl\\\/?s={search_term_string}\"},\"query-input\":{\"@type\":\"PropertyValueSpecification\",\"valueRequired\":true,\"valueName\":\"search_term_string\"}}],\"inLanguage\":\"en-GB\"}]}<\/script>\n<!-- \/ Yoast SEO plugin. -->","yoast_head_json":{"title":"O Firmie - Elektrownie wiatrowe","description":"Elektrownie wiatrowe - Naturalne \u017ar\u00f3d\u0142o energii","robots":{"index":"index","follow":"follow","max-snippet":"max-snippet:-1","max-image-preview":"max-image-preview:large","max-video-preview":"max-video-preview:-1"},"canonical":"https:\/\/www.windkraft3.pl\/en\/o-firmie\/","og_locale":"en_GB","og_type":"article","og_title":"O Firmie - Elektrownie wiatrowe","og_description":"Elektrownie wiatrowe - Naturalne \u017ar\u00f3d\u0142o energii","og_url":"https:\/\/www.windkraft3.pl\/en\/o-firmie\/","og_site_name":"Elektrownie wiatrowe","article_modified_time":"2024-09-05T14:59:31+00:00","og_image":[{"width":560,"height":292,"url":"https:\/\/www.windkraft3.pl\/wp-content\/uploads\/2021\/01\/Logo_fb.jpg","type":"image\/jpeg"}],"twitter_card":"summary_large_image","twitter_misc":{"Estimated reading time":"6 minutes"},"schema":{"@context":"https:\/\/schema.org","@graph":[{"@type":"WebPage","@id":"https:\/\/www.windkraft3.pl\/o-firmie\/","url":"https:\/\/www.windkraft3.pl\/o-firmie\/","name":"O Firmie - Elektrownie wiatrowe","isPartOf":{"@id":"https:\/\/www.windkraft3.pl\/#website"},"datePublished":"2020-07-24T10:04:41+00:00","dateModified":"2024-09-05T14:59:31+00:00","description":"Elektrownie wiatrowe - Naturalne \u017ar\u00f3d\u0142o energii","breadcrumb":{"@id":"https:\/\/www.windkraft3.pl\/o-firmie\/#breadcrumb"},"inLanguage":"en-GB","potentialAction":[{"@type":"ReadAction","target":["https:\/\/www.windkraft3.pl\/o-firmie\/"]}]},{"@type":"BreadcrumbList","@id":"https:\/\/www.windkraft3.pl\/o-firmie\/#breadcrumb","itemListElement":[{"@type":"ListItem","position":1,"name":"Strona g\u0142\u00f3wna","item":"https:\/\/www.windkraft3.pl\/"},{"@type":"ListItem","position":2,"name":"O Firmie"}]},{"@type":"WebSite","@id":"https:\/\/www.windkraft3.pl\/#website","url":"https:\/\/www.windkraft3.pl\/","name":"Elektrownie wiatrowe","description":"Naturalne \u017ar&oacute;d\u0142o energii","potentialAction":[{"@type":"SearchAction","target":{"@type":"EntryPoint","urlTemplate":"https:\/\/www.windkraft3.pl\/?s={search_term_string}"},"query-input":{"@type":"PropertyValueSpecification","valueRequired":true,"valueName":"search_term_string"}}],"inLanguage":"en-GB"}]}},"_links":{"self":[{"href":"https:\/\/www.windkraft3.pl\/en\/wp-json\/wp\/v2\/pages\/434","targetHints":{"allow":["GET"]}}],"collection":[{"href":"https:\/\/www.windkraft3.pl\/en\/wp-json\/wp\/v2\/pages"}],"about":[{"href":"https:\/\/www.windkraft3.pl\/en\/wp-json\/wp\/v2\/types\/page"}],"author":[{"embeddable":true,"href":"https:\/\/www.windkraft3.pl\/en\/wp-json\/wp\/v2\/users\/1"}],"replies":[{"embeddable":true,"href":"https:\/\/www.windkraft3.pl\/en\/wp-json\/wp\/v2\/comments?post=434"}],"version-history":[{"count":41,"href":"https:\/\/www.windkraft3.pl\/en\/wp-json\/wp\/v2\/pages\/434\/revisions"}],"predecessor-version":[{"id":1399,"href":"https:\/\/www.windkraft3.pl\/en\/wp-json\/wp\/v2\/pages\/434\/revisions\/1399"}],"wp:attachment":[{"href":"https:\/\/www.windkraft3.pl\/en\/wp-json\/wp\/v2\/media?parent=434"}],"curies":[{"name":"wp","href":"https:\/\/api.w.org\/{rel}","templated":true}]}}