{"id":498,"date":"2020-09-04T13:12:28","date_gmt":"2020-09-04T13:12:28","guid":{"rendered":"https:\/\/www.windkraft3.pl\/?page_id=498"},"modified":"2021-01-18T16:13:19","modified_gmt":"2021-01-18T16:13:19","slug":"sprzedaz-i-kupno","status":"publish","type":"page","link":"https:\/\/www.windkraft3.pl\/en\/sprzedaz-i-kupno\/","title":{"rendered":"Sales and purchase"},"content":{"rendered":"<p>[et_pb_section fb_built=&#8221;1&#8243; _builder_version=&#8221;4.4.3&#8243; background_color=&#8221;#f7f7f7&#8243;][et_pb_row module_class=&#8221;tytul&#8221; _builder_version=&#8221;4.4.3&#8243; background_enable_color=&#8221;off&#8221;][et_pb_column type=&#8221;4_4&#8243; _builder_version=&#8221;4.4.3&#8243;][et_pb_text module_class=&#8221;breadcrumb&#8221; _builder_version=&#8221;4.4.3&#8243; custom_margin=&#8221;||5px||false|false&#8221;]<\/p>\n<h3><span><span><a href=\"https:\/\/www.windkraft3.pl\/\">Strona g\u0142\u00f3wna<\/a><\/span><\/span><\/h3>\n<p>[\/et_pb_text][et_pb_text _builder_version=&#8221;4.4.3&#8243; _dynamic_attributes=&#8221;content&#8221; custom_margin=&#8221;||0px||false|false&#8221;]@ET-DC@eyJkeW5hbWljIjp0cnVlLCJjb250ZW50IjoicG9zdF90aXRsZSIsInNldHRpbmdzIjp7ImJlZm9yZSI6IjxoMT4iLCJhZnRlciI6IjwvaDE+In19@[\/et_pb_text][\/et_pb_column][\/et_pb_row][\/et_pb_section][et_pb_section fb_built=&#8221;1&#8243; custom_padding_last_edited=&#8221;on|phone&#8221; _builder_version=&#8221;4.4.3&#8243; custom_margin=&#8221;||||false|false&#8221; custom_padding=&#8221;100px||0px||false|false&#8221; custom_padding_tablet=&#8221;50px||||false|false&#8221; custom_padding_phone=&#8221;20px||||false|false&#8221;][et_pb_row column_structure=&#8221;1_2,1_2&#8243; _builder_version=&#8221;4.4.3&#8243;][et_pb_column type=&#8221;1_2&#8243; _builder_version=&#8221;4.4.3&#8243;][et_pb_image src=&#8221;https:\/\/www.windkraft3.pl\/wp-content\/uploads\/2020\/11\/sprzedaz.jpg&#8221; _builder_version=&#8221;4.4.3&#8243;][\/et_pb_image][\/et_pb_column][et_pb_column type=&#8221;1_2&#8243; _builder_version=&#8221;4.4.3&#8243;][et_pb_text module_class=&#8221;tytul&#8221; _builder_version=&#8221;4.4.3&#8243; text_text_color=&#8221;#616161&#8243; text_font_size=&#8221;18px&#8221; text_line_height=&#8221;22px&#8221; text_text_align=&#8221;center&#8221;]<\/p>\n<h1>Sprzeda\u017c i kupno<\/h1>\n<p>[\/et_pb_text][et_pb_text _builder_version=&#8221;4.4.3&#8243;]<\/p>\n<p>Wyszukujemy dla klient\u00f3w u\u017cywane elektrownie wiatrowe w jak najlepszym stanie technicznym, r\u00f3wnie\u017c pod projekty Naszej firmy. Na \u017cyczenie klienta planujemy i organizujemy r\u00f3wnie\u017c transport turbin oraz ich demonta\u017c, monta\u017c i uruchomienie.<\/p>\n<p>Zajmujemy si\u0119 r\u00f3wnie\u017c kupnem i sprzeda\u017c\u0105 nowych i u\u017cywanych cz\u0119\u015bci  oraz materia\u0142\u00f3w eksploatacyjnych do elektrowni wiatrowych.<\/p>\n<p>[\/et_pb_text][et_pb_text admin_label=&#8221;Przycisk&#8221; module_class=&#8221;oferta&#8221; _builder_version=&#8221;4.4.3&#8243;]<a class=\"et_pb_button\" href=\"\/produkty\">Produkty<\/a>[\/et_pb_text][\/et_pb_column][\/et_pb_row][et_pb_row _builder_version=&#8221;4.4.3&#8243; custom_margin=&#8221;||||false|false&#8221; custom_padding=&#8221;60px||||false|false&#8221;][et_pb_column type=&#8221;4_4&#8243; _builder_version=&#8221;4.4.3&#8243;][et_pb_text module_class=&#8221;tytul&#8221; _builder_version=&#8221;4.4.3&#8243; text_text_color=&#8221;#616161&#8243; text_font_size=&#8221;18px&#8221; text_line_height=&#8221;22px&#8221; text_text_align=&#8221;center&#8221;]<\/p>\n<h1>Dlaczego my?<\/h1>\n<p>[\/et_pb_text][\/et_pb_column][\/et_pb_row][et_pb_row column_structure=&#8221;1_3,1_3,1_3&#8243; admin_label=&#8221;Wiersz&#8221; module_class=&#8221;dlaczego&#8221; _builder_version=&#8221;4.4.3&#8243;][et_pb_column type=&#8221;1_3&#8243; _builder_version=&#8221;3.27.3&#8243;][et_pb_image src=&#8221;https:\/\/www.windkraft3.pl\/wp-content\/uploads\/2020\/11\/doswiadczenie.svg&#8221; align=&#8221;center&#8221; _builder_version=&#8221;4.4.3&#8243; height=&#8221;90px&#8221;][\/et_pb_image][et_pb_text _builder_version=&#8221;4.4.3&#8243; text_text_color=&#8221;#616161&#8243; text_letter_spacing=&#8221;0.5px&#8221; text_line_height=&#8221;22px&#8221; text_orientation=&#8221;center&#8221; text_text_align=&#8221;center&#8221;]Wieloletnie do\u015bwiadczenie<br \/>\nna rynku mi\u0119dzynarodowym[\/et_pb_text][\/et_pb_column][et_pb_column type=&#8221;1_3&#8243; _builder_version=&#8221;3.27.3&#8243;][et_pb_image src=&#8221;https:\/\/www.windkraft3.pl\/wp-content\/uploads\/2020\/11\/wspolpraca.svg&#8221; align=&#8221;center&#8221; _builder_version=&#8221;4.4.3&#8243; height=&#8221;90px&#8221;][\/et_pb_image][et_pb_text _builder_version=&#8221;4.4.3&#8243; text_text_color=&#8221;#616161&#8243; text_letter_spacing=&#8221;0.5px&#8221; text_line_height=&#8221;22px&#8221; text_orientation=&#8221;center&#8221; text_text_align=&#8221;center&#8221;]Wsp\u00f3\u0142praca z renomowanymi<br \/>\ndostawcami oraz podwykonawcami[\/et_pb_text][\/et_pb_column][et_pb_column type=&#8221;1_3&#8243; _builder_version=&#8221;3.27.3&#8243;][et_pb_image src=&#8221;https:\/\/www.windkraft3.pl\/wp-content\/uploads\/2020\/11\/kadrapracownicza.svg&#8221; align=&#8221;center&#8221; _builder_version=&#8221;4.4.3&#8243; height=&#8221;90px&#8221;][\/et_pb_image][et_pb_text _builder_version=&#8221;4.4.3&#8243; text_text_color=&#8221;#616161&#8243; text_letter_spacing=&#8221;0.5px&#8221; text_line_height=&#8221;22px&#8221; text_orientation=&#8221;center&#8221; text_text_align=&#8221;center&#8221;]Wykwalifikowana<br \/>\nkadra pracownicza[\/et_pb_text][\/et_pb_column][\/et_pb_row][\/et_pb_section]<\/p>\n","protected":false},"excerpt":{"rendered":"<p><span><span><a href=\"https:\/\/www.windkraft3.pl\/\">Strona g\u0142\u00f3wna<\/a><\/span><\/span>Sprzeda\u017c i kupnoWyszukujemy dla klient\u00f3w u\u017cywane elektrownie wiatrowe w jak najlepszym stanie technicznym, r\u00f3wnie\u017c pod projekty Naszej firmy. Na \u017cyczenie klienta planujemy i organizujemy r\u00f3wnie\u017c transport turbin oraz ich demonta\u017c, monta\u017c i uruchomienie. Zajmujemy si\u0119 r\u00f3wnie\u017c kupnem i sprzeda\u017c\u0105 nowych i u\u017cywanych cz\u0119\u015bci oraz materia\u0142\u00f3w eksploatacyjnych do elektrowni wiatrowych.ProduktyDlaczego my?Wieloletnie do\u015bwiadczenie na rynku mi\u0119dzynarodowymWsp\u00f3\u0142praca z [&hellip;]<\/p>\n","protected":false},"author":1,"featured_media":0,"parent":0,"menu_order":0,"comment_status":"closed","ping_status":"closed","template":"","meta":{"_et_pb_use_builder":"on","_et_pb_old_content":"","_et_gb_content_width":"","footnotes":""},"class_list":["post-498","page","type-page","status-publish","hentry"],"yoast_head":"<!-- This site is optimized with the Yoast SEO plugin v27.4 - https:\/\/yoast.com\/product\/yoast-seo-wordpress\/ -->\n<title>Sprzeda\u017c i kupno - Elektrownie wiatrowe<\/title>\n<meta name=\"description\" content=\"Elektrownie wiatrowe - Naturalne \u017ar\u00f3d\u0142o energii\" \/>\n<meta name=\"robots\" content=\"index, follow, max-snippet:-1, max-image-preview:large, max-video-preview:-1\" \/>\n<link rel=\"canonical\" href=\"https:\/\/www.windkraft3.pl\/en\/sprzedaz-i-kupno\/\" \/>\n<meta property=\"og:locale\" content=\"en_GB\" \/>\n<meta property=\"og:type\" content=\"article\" \/>\n<meta property=\"og:title\" content=\"Sprzeda\u017c i kupno - Elektrownie wiatrowe\" \/>\n<meta property=\"og:description\" content=\"Elektrownie wiatrowe - Naturalne \u017ar\u00f3d\u0142o energii\" \/>\n<meta property=\"og:url\" content=\"https:\/\/www.windkraft3.pl\/en\/sprzedaz-i-kupno\/\" \/>\n<meta property=\"og:site_name\" content=\"Elektrownie wiatrowe\" \/>\n<meta property=\"article:modified_time\" content=\"2021-01-18T16:13:19+00:00\" \/>\n<meta property=\"og:image\" content=\"https:\/\/www.windkraft3.pl\/wp-content\/uploads\/2021\/01\/Logo_fb.jpg\" \/>\n\t<meta property=\"og:image:width\" content=\"560\" \/>\n\t<meta property=\"og:image:height\" content=\"292\" \/>\n\t<meta property=\"og:image:type\" content=\"image\/jpeg\" \/>\n<meta name=\"twitter:card\" content=\"summary_large_image\" \/>\n<meta name=\"twitter:label1\" content=\"Estimated reading time\" \/>\n\t<meta name=\"twitter:data1\" content=\"3 minutes\" \/>\n<script type=\"application\/ld+json\" class=\"yoast-schema-graph\">{\"@context\":\"https:\\\/\\\/schema.org\",\"@graph\":[{\"@type\":\"WebPage\",\"@id\":\"https:\\\/\\\/www.windkraft3.pl\\\/sprzedaz-i-kupno\\\/\",\"url\":\"https:\\\/\\\/www.windkraft3.pl\\\/sprzedaz-i-kupno\\\/\",\"name\":\"Sprzeda\u017c i kupno - Elektrownie wiatrowe\",\"isPartOf\":{\"@id\":\"https:\\\/\\\/www.windkraft3.pl\\\/#website\"},\"datePublished\":\"2020-09-04T13:12:28+00:00\",\"dateModified\":\"2021-01-18T16:13:19+00:00\",\"description\":\"Elektrownie wiatrowe - Naturalne \u017ar\u00f3d\u0142o energii\",\"breadcrumb\":{\"@id\":\"https:\\\/\\\/www.windkraft3.pl\\\/sprzedaz-i-kupno\\\/#breadcrumb\"},\"inLanguage\":\"en-GB\",\"potentialAction\":[{\"@type\":\"ReadAction\",\"target\":[\"https:\\\/\\\/www.windkraft3.pl\\\/sprzedaz-i-kupno\\\/\"]}]},{\"@type\":\"BreadcrumbList\",\"@id\":\"https:\\\/\\\/www.windkraft3.pl\\\/sprzedaz-i-kupno\\\/#breadcrumb\",\"itemListElement\":[{\"@type\":\"ListItem\",\"position\":1,\"name\":\"Strona g\u0142\u00f3wna\",\"item\":\"https:\\\/\\\/www.windkraft3.pl\\\/\"},{\"@type\":\"ListItem\",\"position\":2,\"name\":\"Sprzeda\u017c i kupno\"}]},{\"@type\":\"WebSite\",\"@id\":\"https:\\\/\\\/www.windkraft3.pl\\\/#website\",\"url\":\"https:\\\/\\\/www.windkraft3.pl\\\/\",\"name\":\"Elektrownie wiatrowe\",\"description\":\"Naturalne \u017ar&oacute;d\u0142o energii\",\"potentialAction\":[{\"@type\":\"SearchAction\",\"target\":{\"@type\":\"EntryPoint\",\"urlTemplate\":\"https:\\\/\\\/www.windkraft3.pl\\\/?s={search_term_string}\"},\"query-input\":{\"@type\":\"PropertyValueSpecification\",\"valueRequired\":true,\"valueName\":\"search_term_string\"}}],\"inLanguage\":\"en-GB\"}]}<\/script>\n<!-- \/ Yoast SEO plugin. -->","yoast_head_json":{"title":"Sprzeda\u017c i kupno - Elektrownie wiatrowe","description":"Elektrownie wiatrowe - Naturalne \u017ar\u00f3d\u0142o energii","robots":{"index":"index","follow":"follow","max-snippet":"max-snippet:-1","max-image-preview":"max-image-preview:large","max-video-preview":"max-video-preview:-1"},"canonical":"https:\/\/www.windkraft3.pl\/en\/sprzedaz-i-kupno\/","og_locale":"en_GB","og_type":"article","og_title":"Sprzeda\u017c i kupno - Elektrownie wiatrowe","og_description":"Elektrownie wiatrowe - Naturalne \u017ar\u00f3d\u0142o energii","og_url":"https:\/\/www.windkraft3.pl\/en\/sprzedaz-i-kupno\/","og_site_name":"Elektrownie wiatrowe","article_modified_time":"2021-01-18T16:13:19+00:00","og_image":[{"width":560,"height":292,"url":"https:\/\/www.windkraft3.pl\/wp-content\/uploads\/2021\/01\/Logo_fb.jpg","type":"image\/jpeg"}],"twitter_card":"summary_large_image","twitter_misc":{"Estimated reading time":"3 minutes"},"schema":{"@context":"https:\/\/schema.org","@graph":[{"@type":"WebPage","@id":"https:\/\/www.windkraft3.pl\/sprzedaz-i-kupno\/","url":"https:\/\/www.windkraft3.pl\/sprzedaz-i-kupno\/","name":"Sprzeda\u017c i kupno - Elektrownie wiatrowe","isPartOf":{"@id":"https:\/\/www.windkraft3.pl\/#website"},"datePublished":"2020-09-04T13:12:28+00:00","dateModified":"2021-01-18T16:13:19+00:00","description":"Elektrownie wiatrowe - Naturalne \u017ar\u00f3d\u0142o energii","breadcrumb":{"@id":"https:\/\/www.windkraft3.pl\/sprzedaz-i-kupno\/#breadcrumb"},"inLanguage":"en-GB","potentialAction":[{"@type":"ReadAction","target":["https:\/\/www.windkraft3.pl\/sprzedaz-i-kupno\/"]}]},{"@type":"BreadcrumbList","@id":"https:\/\/www.windkraft3.pl\/sprzedaz-i-kupno\/#breadcrumb","itemListElement":[{"@type":"ListItem","position":1,"name":"Strona g\u0142\u00f3wna","item":"https:\/\/www.windkraft3.pl\/"},{"@type":"ListItem","position":2,"name":"Sprzeda\u017c i kupno"}]},{"@type":"WebSite","@id":"https:\/\/www.windkraft3.pl\/#website","url":"https:\/\/www.windkraft3.pl\/","name":"Elektrownie wiatrowe","description":"Naturalne \u017ar&oacute;d\u0142o energii","potentialAction":[{"@type":"SearchAction","target":{"@type":"EntryPoint","urlTemplate":"https:\/\/www.windkraft3.pl\/?s={search_term_string}"},"query-input":{"@type":"PropertyValueSpecification","valueRequired":true,"valueName":"search_term_string"}}],"inLanguage":"en-GB"}]}},"_links":{"self":[{"href":"https:\/\/www.windkraft3.pl\/en\/wp-json\/wp\/v2\/pages\/498","targetHints":{"allow":["GET"]}}],"collection":[{"href":"https:\/\/www.windkraft3.pl\/en\/wp-json\/wp\/v2\/pages"}],"about":[{"href":"https:\/\/www.windkraft3.pl\/en\/wp-json\/wp\/v2\/types\/page"}],"author":[{"embeddable":true,"href":"https:\/\/www.windkraft3.pl\/en\/wp-json\/wp\/v2\/users\/1"}],"replies":[{"embeddable":true,"href":"https:\/\/www.windkraft3.pl\/en\/wp-json\/wp\/v2\/comments?post=498"}],"version-history":[{"count":8,"href":"https:\/\/www.windkraft3.pl\/en\/wp-json\/wp\/v2\/pages\/498\/revisions"}],"predecessor-version":[{"id":1237,"href":"https:\/\/www.windkraft3.pl\/en\/wp-json\/wp\/v2\/pages\/498\/revisions\/1237"}],"wp:attachment":[{"href":"https:\/\/www.windkraft3.pl\/en\/wp-json\/wp\/v2\/media?parent=498"}],"curies":[{"name":"wp","href":"https:\/\/api.w.org\/{rel}","templated":true}]}}